{"id":8230,"date":"2022-04-13T06:26:15","date_gmt":"2022-04-13T06:26:15","guid":{"rendered":"https:\/\/wordpress.iqonic.design\/product\/wp\/socialv\/?page_id=234"},"modified":"2024-07-24T22:38:21","modified_gmt":"2024-07-24T20:38:21","slug":"login","status":"publish","type":"page","link":"https:\/\/dreiradfreunde.de\/drf\/","title":{"rendered":"Login"},"content":{"rendered":"\t\t<div data-elementor-type=\"wp-page\" data-elementor-id=\"8230\" class=\"elementor elementor-8230\">\n\t\t\t\t\t\t<section data-marvy_enable_ripples_animation=\"false\" class=\"elementor-section elementor-top-section elementor-element elementor-element-1f6d2df8 elementor-section-stretched elementor-section-full_width elementor-section-height-full elementor-section-content-middle elementor-section-height-default elementor-section-items-middle elementor-invisible\" data-id=\"1f6d2df8\" data-element_type=\"section\" data-settings=\"{&quot;stretch_section&quot;:&quot;section-stretched&quot;,&quot;animation&quot;:&quot;fadeIn&quot;,&quot;animation_delay&quot;:100,&quot;background_background&quot;:&quot;classic&quot;}\">\n\t\t\t\t\t\t<div class=\"elementor-container elementor-column-gap-default\">\n\t\t\t\t\t<div class=\"elementor-column elementor-col-50 elementor-top-column elementor-element elementor-element-778245c5 elementor-hidden-mobile\" data-id=\"778245c5\" data-element_type=\"column\">\n\t\t\t<div class=\"elementor-widget-wrap elementor-element-populated\">\n\t\t\t\t\t\t<div data-marvy_enable_ripples_animation=\"true\" data-marvy_ripples_animation_circle_color=\"#254571\" data-marvy_ripples_animation_circle_position=\"center\" data-marvy_ripples_animation_circle_size=\"170\" class=\"elementor-section elementor-inner-section elementor-element elementor-element-fd79bc7 elementor-section-height-min-height elementor-section-content-middle elementor-section-boxed elementor-section-height-default\" data-id=\"fd79bc7\" data-element_type=\"section\" data-settings=\"{&quot;background_background&quot;:&quot;classic&quot;}\">\n\t\t\t\t\t\t<div class=\"elementor-container elementor-column-gap-default\">\n\t\t\t\t\t<div class=\"elementor-column elementor-col-100 elementor-inner-column elementor-element elementor-element-ed37686\" data-id=\"ed37686\" data-element_type=\"column\">\n\t\t\t<div class=\"elementor-widget-wrap elementor-element-populated\">\n\t\t\t\t\t\t<div class=\"elementor-element elementor-element-abec05a elementor-widget elementor-widget-iqonic_imageBox\" data-id=\"abec05a\" data-element_type=\"widget\" data-widget_type=\"iqonic_imageBox.default\">\n\t\t\t\t<div class=\"elementor-widget-container\">\n\t\t\t\t\t        <div class=\"socialv-imagebox socialv-style1\">\r\n            <div class=\"socialv-image-box socialv-widget-swiper\" data-slide=\"1\" data-loop=\"true\" data-speed=\"1000\" data-spacebtslide=\"40\" data-autoplay=\"4000\" data-laptop=\"1\" data-tab=\"1\" data-mobile=\"1\" data-navnext=\"navnext_71\" data-navprev=\"navprev_71\" data-pagination=\"pagination_71\">\r\n                <ul class=\"list-inline m-0 swiper-wrapper\">\r\n                                            <li class=\"swiper-slide\">\r\n                            <div class=\" socialv-image-box-data\">\r\n                                                                    <div class=\"image-box\">\r\n                                                                                    <img decoding=\"async\" src=\"https:\/\/dreiradfreunde.de\/drf\/wp-content\/uploads\/2022\/12\/ApetreffenMosel1.jpg\" alt=\"Image\" loading=\"lazy\" \/>\r\n                                                                                <\/div>\r\n                                                                <div class=\"images-data-info\">\r\n                                    <h3 class=\"title\">Dreiradfreunde.de <\/h3>                                    <p class=\"desc\">Seit 2006 die Community und das erste soziale Netzwerk f\u00fcr Piaggio Ape- und Fahrer motorisierter Dreir\u00e4der<\/p>                                <\/div>\r\n                            <\/div>\r\n                        <\/li>\r\n                                            <li class=\"swiper-slide\">\r\n                            <div class=\" socialv-image-box-data\">\r\n                                                                    <div class=\"image-box\">\r\n                                                                                    <img decoding=\"async\" src=\"https:\/\/dreiradfreunde.de\/drf\/wp-content\/uploads\/2022\/12\/ApetreffenLohsa2021.png\" alt=\"Image\" loading=\"lazy\" \/>\r\n                                                                                <\/div>\r\n                                                                <div class=\"images-data-info\">\r\n                                    <h3 class=\"title\">Eine starke Gemeinschaft <\/h3>                                    <p class=\"desc\">Wir sind eine starke Gemeinschaft und DER Onlinetreffpunkt f\u00fcr alle Dreiradverr\u00fcckten.<\/p>                                <\/div>\r\n                            <\/div>\r\n                        <\/li>\r\n                                            <li class=\"swiper-slide\">\r\n                            <div class=\" socialv-image-box-data\">\r\n                                                                    <div class=\"image-box\">\r\n                                                                                    <img decoding=\"async\" src=\"https:\/\/dreiradfreunde.de\/drf\/wp-content\/uploads\/2022\/12\/DRF-Footer.jpg\" alt=\"Image\" loading=\"lazy\" \/>\r\n                                                                                <\/div>\r\n                                                                <div class=\"images-data-info\">\r\n                                    <h3 class=\"title\">Wir bieten (fast) alles <\/h3>                                    <p class=\"desc\">Unsere Community umfasst ein gro\u00dfes typensortiertes Forum, Chat, Galerien, Kleinanzeiger,  und vieles mehr. Registriere Dich KOSTENLOS bei uns.<\/p>                                <\/div>\r\n                            <\/div>\r\n                        <\/li>\r\n                                            <li class=\"swiper-slide\">\r\n                            <div class=\" socialv-image-box-data\">\r\n                                                                    <div class=\"image-box\">\r\n                                                                                    <img decoding=\"async\" src=\"https:\/\/dreiradfreunde.de\/drf\/wp-content\/uploads\/2022\/12\/digital-gaaae48491_1920.jpg\" alt=\"Image\" loading=\"lazy\" \/>\r\n                                                                                <\/div>\r\n                                                                <div class=\"images-data-info\">\r\n                                    <h3 class=\"title\">Datenschutz ist uns wichtig. <\/h3>                                    <p class=\"desc\">Deine Daten geh\u00f6ren Dir. Du entscheidest, wer etwas sehen darf.\nWir sind eine kostenlose, aber geschlossene Community.<\/p>                                <\/div>\r\n                            <\/div>\r\n                        <\/li>\r\n                                            <li class=\"swiper-slide\">\r\n                            <div class=\" socialv-image-box-data\">\r\n                                                                    <div class=\"image-box\">\r\n                                        <a href=\"https:\/\/www.sachsen-ape.de\/\">                                            <img decoding=\"async\" src=\"https:\/\/dreiradfreunde.de\/drf\/wp-content\/uploads\/2023\/08\/SachsenApe2024.png\" alt=\"Image\" loading=\"lazy\" \/>\r\n                                             <\/a>                                     <\/div>\r\n                                                                <div class=\"images-data-info\">\r\n                                     <a href=\"https:\/\/www.sachsen-ape.de\/\"><h3 class=\"title\">Auf zur Sachsen-Ape 2024 <\/h3><\/a>                                    <p class=\"desc\">Die Sachsen-Ape 2024 findet vom 09. - 11. 08.2024 wieder in Lohsa statt.\nN\u00e4here Infos bei Klick auf das Bild<\/p>                                <\/div>\r\n                            <\/div>\r\n                        <\/li>\r\n                                    <\/ul>\r\n            <\/div>\r\n            <!-- Navigation start -->\r\n                            <div class=\"swiper-pagination css-prefix-pagination-align\" id=\"pagination_71\"><\/div>\r\n                    <\/div>\r\n        \t\t\t\t<\/div>\n\t\t\t\t<\/div>\n\t\t\t\t\t<\/div>\n\t\t<\/div>\n\t\t\t\t\t<\/div>\n\t\t<\/div>\n\t\t\t\t\t<\/div>\n\t\t<\/div>\n\t\t\t\t<div class=\"elementor-column elementor-col-50 elementor-top-column elementor-element elementor-element-4d216f0 socialv-background-white authpage\" data-id=\"4d216f0\" data-element_type=\"column\" data-settings=\"{&quot;background_background&quot;:&quot;classic&quot;}\">\n\t\t\t<div class=\"elementor-widget-wrap elementor-element-populated\">\n\t\t\t\t\t\t<div data-marvy_enable_ripples_animation=\"false\" class=\"elementor-section elementor-inner-section elementor-element elementor-element-b2df181 elementor-section-height-full elementor-section-content-middle elementor-section-boxed elementor-section-height-default\" data-id=\"b2df181\" data-element_type=\"section\" data-settings=\"{&quot;background_background&quot;:&quot;classic&quot;}\">\n\t\t\t\t\t\t<div class=\"elementor-container elementor-column-gap-default\">\n\t\t\t\t\t<div class=\"elementor-column elementor-col-100 elementor-inner-column elementor-element elementor-element-a68252b\" data-id=\"a68252b\" data-element_type=\"column\">\n\t\t\t<div class=\"elementor-widget-wrap elementor-element-populated\">\n\t\t\t\t\t\t<div class=\"elementor-element elementor-element-223d545 elementor-widget elementor-widget-shortcode\" data-id=\"223d545\" data-element_type=\"widget\" data-widget_type=\"shortcode.default\">\n\t\t\t\t<div class=\"elementor-widget-container\">\n\t\t\t\t\t\t\t<div class=\"elementor-shortcode\">        <div id=\"user_loginform\" class=\"card-main socialv-bp-login \">\n            <div class=\"card-inner\">\n                <div class=\"socialv-login-form\">\n                            <a class=\"navbar-brand socialv-logo logo-align-left \" href=\"https:\/\/dreiradfreunde.de\/drf\/\">\n                        <div class=\"logo-main\">\n                <div class=\"logo-normal\"><img decoding=\"async\" class=\"img-fluid logo\" loading=\"lazy\" src=\"https:\/\/dreiradfreunde.de\/drf\/wp-content\/uploads\/2022\/12\/Logo2.png\" alt=\"\"><\/div>            <\/div>\n        <\/a>\n    <div class=\"socialv-info text-center\"><p>Willkommen auf Dreiradfreunde.de, der Community seit 2006 f\u00fcr Piaggio Ape- und Fahrer von motorisierten Dreir\u00e4dern. Verbinde Dich mit anderen Dreiradverr\u00fcckten aus ganz Deutschland und werde Teil unserer Community.<\/p><\/div>                    <form name=\"loginform\" id=\"loginform\" class=\"iqonic-login-form\" action=\"https:\/\/dreiradfreunde.de\/drf\/wp-login.php\" method=\"post\">\n                        <div class=\"iqonic-result-msg\"><\/div>\n\n                        <p class=\"login-username iqonic-data-input\">\n                            <label for=\"user_login\">Mitgliedsname oder E-Mail Adresse<\/label>\n                        <div class=\"input-group mb-3 \"><span class=\"input-group-text\"><i class=\"iconly-Add-User icli\"><\/i><\/span>\n                            <input type=\"text\" required=\"\" name=\"log\" class=\"userform form-control\" id=\"user_login\" autocomplete=\"username\" value=\"\" placeholder=\"Mitgliedsname\" size=\"20\">\n                        <\/div>\n                        <\/p>\n                        <p class=\"login-password\">\n                            <label for=\"user_pass\">Dein Passwort<\/label>\n                        <div class=\"input-group mb-3 position-relative\">\n                            <span class=\"input-group-text\"><i class=\"iconly-Lock icli\"><\/i><\/span>\n                            <input type=\"password\" required=\"\" name=\"pwd\" class=\"password form-control socialv-password-field\" placeholder=\"Passwort\" id=\"user_pass\" autocomplete=\"current-password\" value=\"\" size=\"20\">\n                            <span>\n                                <span class=\"icon-eye-close toggle-password show-password\"><\/span>\n                            <\/span>\n                        <\/div>\n                        <input class=\"g-recaptcha-response\" type=\"hidden\" name=\"g-recaptcha-response\">\n                        <\/p>\n\n                        <div class=\"d-flex flex-sm-row justify-content-between align-items-center mb-4\">\n                            <p class=\"login-remember m-0\"><label class=\"m-0\"><input name=\"rememberme\" type=\"checkbox\" id=\"rememberme\" value=\"forever\"> Zugangsdaten speichern<\/label><\/p>\n                                                        <a id=\"user_changepass\" href=\"https:\/\/dreiradfreunde.de\/drf\/forget-password\/\" class=\"forgot-pwd\">Passwort vergessen?<\/a>\n                        <\/div>\n                        <p class=\"login-submit\">\n                            <button id=\"wp-submit\" class=\"w-100 socialv-button iqonic-data-input\" type=\"submit\" value=\"Anmelden\">Anmelden<\/button>\n                        <\/p>\n                        <input type=\"hidden\" name=\"iq_form_type\" value=\"login\" \/>\n                                                    <input type=\"hidden\" id=\"socialv_ajax_login_popup_nonce\" name=\"socialv_ajax_login_popup_nonce\" value=\"384f21e308\" \/><input type=\"hidden\" name=\"_wp_http_referer\" value=\"\/drf\/wp-json\/wp\/v2\/pages\/8230\" \/>                        \n                    <\/form>\n                                        <div class=\"text-center register-link\">Don&#039;t have an account?<a id=\"user_register_form\" href=\"https:\/\/dreiradfreunde.de\/drf\/registrieren\/\">Sign Up<\/a><\/div>\n                <\/div>\n            <\/div>\n        <\/div>\n<\/div>\n\t\t\t\t\t\t<\/div>\n\t\t\t\t<\/div>\n\t\t\t\t\t<\/div>\n\t\t<\/div>\n\t\t\t\t\t<\/div>\n\t\t<\/div>\n\t\t\t\t\t<\/div>\n\t\t<\/div>\n\t\t\t\t\t<\/div>\n\t\t<\/section>\n\t\t\t\t<section data-marvy_enable_ripples_animation=\"false\" class=\"elementor-section elementor-top-section elementor-element elementor-element-1fd9404 elementor-section-boxed elementor-section-height-default elementor-section-height-default\" data-id=\"1fd9404\" data-element_type=\"section\">\n\t\t\t\t\t\t<div class=\"elementor-container elementor-column-gap-default\">\n\t\t\t\t\t<div class=\"elementor-column elementor-col-100 elementor-top-column elementor-element elementor-element-ace1818\" data-id=\"ace1818\" data-element_type=\"column\">\n\t\t\t<div class=\"elementor-widget-wrap elementor-element-populated\">\n\t\t\t\t\t\t<section data-marvy_enable_ripples_animation=\"false\" class=\"elementor-section elementor-inner-section elementor-element elementor-element-08fb027 elementor-section-full_width elementor-section-height-default elementor-section-height-default\" data-id=\"08fb027\" data-element_type=\"section\">\n\t\t\t\t\t\t<div class=\"elementor-container elementor-column-gap-default\">\n\t\t\t\t\t<div class=\"elementor-column elementor-col-25 elementor-inner-column elementor-element elementor-element-e01d86e\" data-id=\"e01d86e\" data-element_type=\"column\">\n\t\t\t<div class=\"elementor-widget-wrap elementor-element-populated\">\n\t\t\t\t\t\t<div class=\"elementor-element elementor-element-821347a elementor-widget elementor-widget-image\" data-id=\"821347a\" data-element_type=\"widget\" data-widget_type=\"image.default\">\n\t\t\t\t<div class=\"elementor-widget-container\">\n\t\t\t\t\t\t\t\t\t\t\t\t<figure class=\"wp-caption\">\n\t\t\t\t\t\t\t\t\t\t<img decoding=\"async\" width=\"150\" height=\"150\" src=\"https:\/\/dreiradfreunde.de\/drf\/wp-content\/uploads\/2022\/12\/qr8019da58b753608748bc1f9e62d68ad2-150x150.png\" class=\"attachment-thumbnail size-thumbnail wp-image-16515\" alt=\"\" srcset=\"https:\/\/dreiradfreunde.de\/drf\/wp-content\/uploads\/2022\/12\/qr8019da58b753608748bc1f9e62d68ad2-150x150.png 150w, https:\/\/dreiradfreunde.de\/drf\/wp-content\/uploads\/2022\/12\/qr8019da58b753608748bc1f9e62d68ad2-300x300.png 300w, https:\/\/dreiradfreunde.de\/drf\/wp-content\/uploads\/2022\/12\/qr8019da58b753608748bc1f9e62d68ad2-310x310.png 310w, https:\/\/dreiradfreunde.de\/drf\/wp-content\/uploads\/2022\/12\/qr8019da58b753608748bc1f9e62d68ad2-105x105.png 105w, https:\/\/dreiradfreunde.de\/drf\/wp-content\/uploads\/2022\/12\/qr8019da58b753608748bc1f9e62d68ad2.png 320w\" sizes=\"100vw\" \/>\t\t\t\t\t\t\t\t\t\t\t<figcaption class=\"widget-image-caption wp-caption-text\">Unser QR-Code f\u00fcrs Handy<\/figcaption>\n\t\t\t\t\t\t\t\t\t\t<\/figure>\n\t\t\t\t\t\t\t\t\t<\/div>\n\t\t\t\t<\/div>\n\t\t\t\t\t<\/div>\n\t\t<\/div>\n\t\t\t\t<div class=\"elementor-column elementor-col-25 elementor-inner-column elementor-element elementor-element-39f1ed3\" data-id=\"39f1ed3\" data-element_type=\"column\">\n\t\t\t<div class=\"elementor-widget-wrap elementor-element-populated\">\n\t\t\t\t\t\t<div class=\"elementor-element elementor-element-f3004c4 elementor-widget elementor-widget-wp-widget-nav_menu\" data-id=\"f3004c4\" data-element_type=\"widget\" data-widget_type=\"wp-widget-nav_menu.default\">\n\t\t\t\t<div class=\"elementor-widget-container\">\n\t\t\t\t\t<h5>Info`s<\/h5><div class=\"menu-infos-container\"><ul id=\"menu-infos\" class=\"menu\"><li id=\"menu-item-16492\" class=\"menu-item menu-item-type-post_type menu-item-object-page menu-item-16492\"><a href=\"https:\/\/dreiradfreunde.de\/drf\/warum-wir\/\">Warum Wir?<\/a><\/li>\n<li id=\"menu-item-16491\" class=\"menu-item menu-item-type-post_type menu-item-object-page menu-item-16491\"><a href=\"https:\/\/dreiradfreunde.de\/drf\/deine-vorteile-bei-uns\/\">Deine Vorteile bei uns<\/a><\/li>\n<li id=\"menu-item-16503\" class=\"menu-item menu-item-type-post_type menu-item-object-page menu-item-16503\"><a href=\"https:\/\/dreiradfreunde.de\/drf\/historie-der-community-dreiradfreunde-de\/\">Historie der Community<\/a><\/li>\n<li id=\"menu-item-16489\" class=\"menu-item menu-item-type-post_type menu-item-object-page menu-item-16489\"><a href=\"https:\/\/dreiradfreunde.de\/drf\/banner-zum-einbinden\/\">Banner zum Einbinden<\/a><\/li>\n<li id=\"menu-item-16488\" class=\"menu-item menu-item-type-post_type menu-item-object-page menu-item-16488\"><a href=\"https:\/\/dreiradfreunde.de\/drf\/changelogs\/\">Changelogs<\/a><\/li>\n<li id=\"menu-item-16490\" class=\"menu-item menu-item-type-post_type menu-item-object-page menu-item-16490\"><a href=\"https:\/\/dreiradfreunde.de\/drf\/werben-bei-uns\/\">Werben bei uns<\/a><\/li>\n<\/ul><\/div>\t\t\t\t<\/div>\n\t\t\t\t<\/div>\n\t\t\t\t\t<\/div>\n\t\t<\/div>\n\t\t\t\t<div class=\"elementor-column elementor-col-25 elementor-inner-column elementor-element elementor-element-868e7eb\" data-id=\"868e7eb\" data-element_type=\"column\">\n\t\t\t<div class=\"elementor-widget-wrap elementor-element-populated\">\n\t\t\t\t\t\t<div class=\"elementor-element elementor-element-544a322 elementor-widget elementor-widget-wp-widget-nav_menu\" data-id=\"544a322\" data-element_type=\"widget\" data-widget_type=\"wp-widget-nav_menu.default\">\n\t\t\t\t<div class=\"elementor-widget-container\">\n\t\t\t\t\t<h5>Community<\/h5><div class=\"menu-community-container\"><ul id=\"menu-community\" class=\"menu\"><li id=\"menu-item-16460\" class=\"menu-item menu-item-type-post_type menu-item-object-page current_page_parent menu-item-16460\"><a href=\"https:\/\/dreiradfreunde.de\/drf\/blog\/\">Blog<\/a><\/li>\n<li id=\"menu-item-16461\" class=\"menu-item menu-item-type-post_type menu-item-object-page menu-item-16461\"><a href=\"https:\/\/dreiradfreunde.de\/drf\/classifieds\/\">Kleinanzeigen<\/a><\/li>\n<li id=\"menu-item-16462\" class=\"menu-item menu-item-type-post_type menu-item-object-page menu-item-16462\"><a href=\"https:\/\/dreiradfreunde.de\/drf\/termine-und-treffen\/\">Termine und Treffen<\/a><\/li>\n<li id=\"menu-item-16757\" class=\"menu-item menu-item-type-custom menu-item-object-custom menu-item-16757\"><a target=\"_blank\" href=\"https:\/\/www.sachsen-ape.de\/\">Treffen Sachen-Ape 2024<\/a><\/li>\n<\/ul><\/div>\t\t\t\t<\/div>\n\t\t\t\t<\/div>\n\t\t\t\t\t<\/div>\n\t\t<\/div>\n\t\t\t\t<div class=\"elementor-column elementor-col-25 elementor-inner-column elementor-element elementor-element-c555747\" data-id=\"c555747\" data-element_type=\"column\">\n\t\t\t<div class=\"elementor-widget-wrap elementor-element-populated\">\n\t\t\t\t\t\t<div class=\"elementor-element elementor-element-44f035e elementor-widget elementor-widget-wp-widget-nav_menu\" data-id=\"44f035e\" data-element_type=\"widget\" data-widget_type=\"wp-widget-nav_menu.default\">\n\t\t\t\t<div class=\"elementor-widget-container\">\n\t\t\t\t\t<h5>Intern<\/h5><div class=\"menu-intern-container\"><ul id=\"menu-intern\" class=\"menu\"><li id=\"menu-item-16524\" class=\"menu-item menu-item-type-post_type menu-item-object-page menu-item-16524\"><a href=\"https:\/\/dreiradfreunde.de\/drf\/kontaktformular\/\">Kontakt<\/a><\/li>\n<li id=\"menu-item-16453\" class=\"menu-item menu-item-type-post_type menu-item-object-page menu-item-16453\"><a href=\"https:\/\/dreiradfreunde.de\/drf\/impressum\/\">Impressum<\/a><\/li>\n<li id=\"menu-item-16455\" class=\"menu-item menu-item-type-post_type menu-item-object-page menu-item-16455\"><a href=\"https:\/\/dreiradfreunde.de\/drf\/terms-condition\/\">AGB &#038; NB f\u00fcr Dreiradfreunde.de<\/a><\/li>\n<li id=\"menu-item-16525\" class=\"menu-item menu-item-type-post_type menu-item-object-page menu-item-privacy-policy menu-item-16525\"><a rel=\"privacy-policy\" href=\"https:\/\/dreiradfreunde.de\/drf\/datenschutzerklaerung\/\">Datenschutzerkl\u00e4rung<\/a><\/li>\n<li id=\"menu-item-16454\" class=\"menu-item menu-item-type-post_type menu-item-object-page menu-item-16454\"><a href=\"https:\/\/dreiradfreunde.de\/drf\/haftungsausschluss-disclaimer\/\">Haftungsausschluss (Disclaimer)<\/a><\/li>\n<li id=\"menu-item-16504\" class=\"menu-item menu-item-type-post_type menu-item-object-page menu-item-16504\"><a href=\"https:\/\/dreiradfreunde.de\/drf\/sponsor-gesucht\/\">Sponsor gesucht<\/a><\/li>\n<li id=\"menu-item-16693\" class=\"menu-item menu-item-type-post_type menu-item-object-page menu-item-16693\"><a href=\"https:\/\/dreiradfreunde.de\/drf\/cookie-richtlinie-eu\/\">Cookie-Richtlinie (EU)<\/a><\/li>\n<\/ul><\/div>\t\t\t\t<\/div>\n\t\t\t\t<\/div>\n\t\t\t\t\t<\/div>\n\t\t<\/div>\n\t\t\t\t\t<\/div>\n\t\t<\/section>\n\t\t\t\t\t<\/div>\n\t\t<\/div>\n\t\t\t\t\t<\/div>\n\t\t<\/section>\n\t\t\t\t<\/div>\n\t\t","protected":false},"excerpt":{"rendered":"<p>Dreiradfreunde.de Seit 2006 die Community und das erste soziale Netzwerk f\u00fcr Piaggio Ape- und Fahrer motorisierter Dreir\u00e4der Eine starke Gemeinschaft Wir sind eine starke Gemeinschaft und DER Onlinetreffpunkt f\u00fcr alle Dreiradverr\u00fcckten. Wir bieten (fast) alles Unsere Community umfasst ein gro\u00dfes typensortiertes Forum, Chat, Galerien, Kleinanzeiger, und vieles mehr. Registriere Dich KOSTENLOS bei uns. Datenschutz ist [&hellip;]<\/p>\n","protected":false},"author":1,"featured_media":0,"parent":0,"menu_order":0,"comment_status":"closed","ping_status":"closed","template":"","meta":{"_acf_changed":false,"_bbp_topic_count":0,"_bbp_reply_count":0,"_bbp_total_topic_count":0,"_bbp_total_reply_count":0,"_bbp_voice_count":0,"_bbp_anonymous_reply_count":0,"_bbp_topic_count_hidden":0,"_bbp_reply_count_hidden":0,"_bbp_forum_subforum_count":0,"pmpro_default_level":"","footnotes":""},"class_list":["post-8230","page","type-page","status-publish","hentry","pmpro-has-access"],"acf":[],"aioseo_notices":[],"_links":{"self":[{"href":"https:\/\/dreiradfreunde.de\/drf\/wp-json\/wp\/v2\/pages\/8230","targetHints":{"allow":["GET"]}}],"collection":[{"href":"https:\/\/dreiradfreunde.de\/drf\/wp-json\/wp\/v2\/pages"}],"about":[{"href":"https:\/\/dreiradfreunde.de\/drf\/wp-json\/wp\/v2\/types\/page"}],"author":[{"embeddable":true,"href":"https:\/\/dreiradfreunde.de\/drf\/wp-json\/wp\/v2\/users\/1"}],"replies":[{"embeddable":true,"href":"https:\/\/dreiradfreunde.de\/drf\/wp-json\/wp\/v2\/comments?post=8230"}],"version-history":[{"count":0,"href":"https:\/\/dreiradfreunde.de\/drf\/wp-json\/wp\/v2\/pages\/8230\/revisions"}],"wp:attachment":[{"href":"https:\/\/dreiradfreunde.de\/drf\/wp-json\/wp\/v2\/media?parent=8230"}],"curies":[{"name":"wp","href":"https:\/\/api.w.org\/{rel}","templated":true}]}}