{"id":253,"date":"2022-04-15T05:04:09","date_gmt":"2022-04-15T05:04:09","guid":{"rendered":"https:\/\/wordpress.iqonic.design\/product\/wp\/socialv\/?page_id=253"},"modified":"2022-12-27T00:13:23","modified_gmt":"2022-12-26T23:13:23","slug":"forget-password","status":"publish","type":"page","link":"https:\/\/dreiradfreunde.de\/drf\/forget-password\/","title":{"rendered":"Forget Password"},"content":{"rendered":"\t\t<div data-elementor-type=\"wp-page\" data-elementor-id=\"253\" class=\"elementor elementor-253\">\n\t\t\t\t\t\t<section data-marvy_enable_ripples_animation=\"false\" class=\"elementor-section elementor-top-section elementor-element elementor-element-6006806 elementor-section-stretched elementor-section-full_width elementor-section-height-full elementor-section-content-middle elementor-section-height-default elementor-section-items-middle elementor-invisible\" data-id=\"6006806\" data-element_type=\"section\" data-settings=\"{&quot;stretch_section&quot;:&quot;section-stretched&quot;,&quot;animation&quot;:&quot;fadeIn&quot;,&quot;animation_delay&quot;:100,&quot;background_background&quot;:&quot;classic&quot;}\">\n\t\t\t\t\t\t<div class=\"elementor-container elementor-column-gap-default\">\n\t\t\t\t\t<div class=\"elementor-column elementor-col-50 elementor-top-column elementor-element elementor-element-deb8d19 elementor-hidden-mobile\" data-id=\"deb8d19\" data-element_type=\"column\">\n\t\t\t<div class=\"elementor-widget-wrap elementor-element-populated\">\n\t\t\t\t\t\t<div data-marvy_enable_ripples_animation=\"true\" data-marvy_ripples_animation_circle_color=\"#254571\" data-marvy_ripples_animation_circle_position=\"center\" data-marvy_ripples_animation_circle_size=\"170\" class=\"elementor-section elementor-inner-section elementor-element elementor-element-44ca91f elementor-section-height-full elementor-section-content-middle elementor-section-boxed elementor-section-height-default\" data-id=\"44ca91f\" data-element_type=\"section\" data-settings=\"{&quot;background_background&quot;:&quot;classic&quot;}\">\n\t\t\t\t\t\t<div class=\"elementor-container elementor-column-gap-default\">\n\t\t\t\t\t<div class=\"elementor-column elementor-col-100 elementor-inner-column elementor-element elementor-element-a6d84e7\" data-id=\"a6d84e7\" data-element_type=\"column\">\n\t\t\t<div class=\"elementor-widget-wrap elementor-element-populated\">\n\t\t\t\t\t\t<div class=\"elementor-element elementor-element-d6be906 elementor-widget elementor-widget-iqonic_imageBox\" data-id=\"d6be906\" data-element_type=\"widget\" data-widget_type=\"iqonic_imageBox.default\">\n\t\t\t\t<div class=\"elementor-widget-container\">\n\t\t\t\t\t        <div class=\"socialv-imagebox socialv-style1\">\r\n            <div class=\"socialv-image-box socialv-widget-swiper\" data-slide=\"1\" data-loop=\"true\" data-speed=\"1000\" data-spacebtslide=\"40\" data-autoplay=\"4000\" data-laptop=\"1\" data-tab=\"1\" data-mobile=\"1\" data-navnext=\"navnext_83\" data-navprev=\"navprev_83\" data-pagination=\"pagination_83\">\r\n                <ul class=\"list-inline m-0 swiper-wrapper\">\r\n                                            <li class=\"swiper-slide\">\r\n                            <div class=\" socialv-image-box-data\">\r\n                                                                    <div class=\"image-box\">\r\n                                                                                    <img decoding=\"async\" src=\"https:\/\/dreiradfreunde.de\/drf\/wp-content\/uploads\/2022\/12\/ApetreffenMosel1.jpg\" alt=\"Image\" loading=\"lazy\" \/>\r\n                                                                                <\/div>\r\n                                                                <div class=\"images-data-info\">\r\n                                    <h3 class=\"title\">Dreiradfreunde.de <\/h3>                                    <p class=\"desc\">Seit 2006 DIE Community und das erste soziale Netzwerk f\u00fcr Piaggio Ape- und Fahrer motorisierter Dreir\u00e4der<\/p>                                <\/div>\r\n                            <\/div>\r\n                        <\/li>\r\n                                            <li class=\"swiper-slide\">\r\n                            <div class=\" socialv-image-box-data\">\r\n                                                                    <div class=\"image-box\">\r\n                                                                                    <img decoding=\"async\" src=\"https:\/\/dreiradfreunde.de\/drf\/wp-content\/uploads\/2022\/12\/ApetreffenLohsa2021.png\" alt=\"Image\" loading=\"lazy\" \/>\r\n                                                                                <\/div>\r\n                                                                <div class=\"images-data-info\">\r\n                                    <h3 class=\"title\">Eine starke Gemeinschaft <\/h3>                                    <p class=\"desc\">Wir sind eine starke Gemeinschaft und DER Onlinetreffpunkt f\u00fcr alle Dreiradverr\u00fcckten.<\/p>                                <\/div>\r\n                            <\/div>\r\n                        <\/li>\r\n                                            <li class=\"swiper-slide\">\r\n                            <div class=\" socialv-image-box-data\">\r\n                                                                    <div class=\"image-box\">\r\n                                                                                    <img decoding=\"async\" src=\"https:\/\/dreiradfreunde.de\/drf\/wp-content\/uploads\/2022\/12\/DRF-Footer.jpg\" alt=\"Image\" loading=\"lazy\" \/>\r\n                                                                                <\/div>\r\n                                                                <div class=\"images-data-info\">\r\n                                    <h3 class=\"title\">Wir bieten (fast) alles <\/h3>                                    <p class=\"desc\">Unsere Community umfasst ein gro\u00dfes typensortiertes Forum, Chat, Galerien, Kleinanzeiger,  und vieles mehr. Registriere Dich KOSTENLOS bei uns.<\/p>                                <\/div>\r\n                            <\/div>\r\n                        <\/li>\r\n                                            <li class=\"swiper-slide\">\r\n                            <div class=\" socialv-image-box-data\">\r\n                                                                    <div class=\"image-box\">\r\n                                                                                    <img decoding=\"async\" src=\"https:\/\/dreiradfreunde.de\/drf\/wp-content\/uploads\/2022\/12\/digital-gaaae48491_1920.jpg\" alt=\"Image\" loading=\"lazy\" \/>\r\n                                                                                <\/div>\r\n                                                                <div class=\"images-data-info\">\r\n                                    <h3 class=\"title\">Datenschutz ist uns wichtig. <\/h3>                                    <p class=\"desc\">Deine Daten geh\u00f6ren Dir. Du entscheidest, wer etwas sehen darf.\nWir sind eine kostenlose, aber geschlossene Community.<\/p>                                <\/div>\r\n                            <\/div>\r\n                        <\/li>\r\n                                            <li class=\"swiper-slide\">\r\n                            <div class=\" socialv-image-box-data\">\r\n                                                                    <div class=\"image-box\">\r\n                                        <a href=\"https:\/\/dreiradfreunde.de\/drf\/termine-und-treffen\/\">                                            <img decoding=\"async\" src=\"https:\/\/dreiradfreunde.de\/drf\/wp-content\/uploads\/2022\/12\/3-treffen2023-scaled.gif\" alt=\"Image\" loading=\"lazy\" \/>\r\n                                             <\/a>                                     <\/div>\r\n                                                                <div class=\"images-data-info\">\r\n                                     <a href=\"https:\/\/dreiradfreunde.de\/drf\/termine-und-treffen\/\"><h3 class=\"title\">Unser 3. Apetreffen in Lohsa <\/h3><\/a>                                    <p class=\"desc\">Unser 3. Apetreffen findet vom 11. - 13. 08.2023 wieder in Lohsa statt.\nN\u00e4here Infos bei Klick auf das Bild<\/p>                                <\/div>\r\n                            <\/div>\r\n                        <\/li>\r\n                                    <\/ul>\r\n            <\/div>\r\n            <!-- Navigation start -->\r\n                            <div class=\"swiper-pagination css-prefix-pagination-align\" id=\"pagination_83\"><\/div>\r\n                    <\/div>\r\n        \t\t\t\t<\/div>\n\t\t\t\t<\/div>\n\t\t\t\t\t<\/div>\n\t\t<\/div>\n\t\t\t\t\t<\/div>\n\t\t<\/div>\n\t\t\t\t\t<\/div>\n\t\t<\/div>\n\t\t\t\t<div class=\"elementor-column elementor-col-50 elementor-top-column elementor-element elementor-element-5a484c5 socialv-background-white authpage\" data-id=\"5a484c5\" data-element_type=\"column\">\n\t\t\t<div class=\"elementor-widget-wrap elementor-element-populated\">\n\t\t\t\t\t\t<div data-marvy_enable_ripples_animation=\"false\" class=\"elementor-section elementor-inner-section elementor-element elementor-element-39d8d36 elementor-section-height-full elementor-section-content-middle elementor-section-boxed elementor-section-height-default\" data-id=\"39d8d36\" data-element_type=\"section\">\n\t\t\t\t\t\t<div class=\"elementor-container elementor-column-gap-default\">\n\t\t\t\t\t<div class=\"elementor-column elementor-col-100 elementor-inner-column elementor-element elementor-element-913129e\" data-id=\"913129e\" data-element_type=\"column\">\n\t\t\t<div class=\"elementor-widget-wrap elementor-element-populated\">\n\t\t\t\t\t\t<div class=\"elementor-element elementor-element-ba1a722 elementor-widget elementor-widget-shortcode\" data-id=\"ba1a722\" data-element_type=\"widget\" data-widget_type=\"shortcode.default\">\n\t\t\t\t<div class=\"elementor-widget-container\">\n\t\t\t\t\t\t\t<div class=\"elementor-shortcode\">        <div id=\"user_forgetpwd\" class=\"card-main socialv-bp-login\">\n            <div class=\"card-inner\">\n                <div class=\"socialv-login-form\">\n                            <a class=\"navbar-brand socialv-logo logo-align-left \" href=\"https:\/\/dreiradfreunde.de\/drf\/\">\n                        <div class=\"logo-main\">\n                <div class=\"logo-normal\"><img decoding=\"async\" class=\"img-fluid logo\" loading=\"lazy\" src=\"https:\/\/dreiradfreunde.de\/drf\/wp-content\/uploads\/2022\/12\/Logo2.png\" alt=\"\"><\/div>            <\/div>\n        <\/a>\n    <div class=\"socialv-info text-center\"><p>Willkommen auf Dreiradfreunde.de, der Community seit 2006 f\u00fcr Piaggio Ape- und Fahrer von motorisierten Dreir\u00e4dern. Verbinde Dich mit anderen Dreiradverr\u00fcckten aus ganz Deutschland und werde Teil unserer Community.<\/p><\/div>\n                    <form name=\"lostpasswordform\" id=\"changepass\" class=\"iqonic-lost-password-form\" action=\"#\" method=\"post\">\n                        <div class=\"row\">\n                            <div class=\"col-md-12\">\n                                                                    <div class=\"iqonic-result-msg\"><\/div>\n                                    <div class=\"forgetpwd-email iqonic-data-input\">\n                                        <label for=\"user_email\">Username or Email<\/label>\n                                        <div class=\"input-group mb-3\">\n                                            <span class=\"input-group-text\"><i class=\"iconly-Message icli\"><\/i><\/span>\n                                            <input type=\"text\" autocomplete=\"off\" name=\"user_login\" class=\"form-control\" value=\"\" size=\"20\" placeholder=\"Username or Email\" required \/><\/p>\n                                        <\/div>\n                                    <\/div>\n                                    <input class=\"g-recaptcha-response\" type=\"hidden\" name=\"g-recaptcha-response\">\n                                                                        <div class=\"socialv-auth-button\">\n                                        <button id=\"wp-submit\" class=\"w-100 socialv-button iqonic-data-input\" type=\"submit\" value=\"Reset Password\">Reset Password<\/button>\n                                    <\/div>\n                                    <input type=\"hidden\" name=\"iq_form_type\" value=\"lost_password\" \/>\n\n                                                                            <input type=\"hidden\" id=\"socialv_ajax_lost_password_popup_nonce\" name=\"socialv_ajax_lost_password_popup_nonce\" value=\"384f21e308\" \/><input type=\"hidden\" name=\"_wp_http_referer\" value=\"\/drf\/wp-json\/wp\/v2\/pages\/253\" \/>                                    \n                                \n                            <\/div>\n                        <\/div>\n                    <\/form>\n                    <div class=\"col-md-12 text-center\"><p class=\"register-link\">Already have an account?<a id=\"user_login_form\" href=\"https:\/\/dreiradfreunde.de\/drf\/login-2\/\" class=\"socialv-button socialv-button-link\">Login<\/a><\/p><\/div>\n                <\/div>\n            <\/div>\n        <\/div>\n<\/div>\n\t\t\t\t\t\t<\/div>\n\t\t\t\t<\/div>\n\t\t\t\t\t<\/div>\n\t\t<\/div>\n\t\t\t\t\t<\/div>\n\t\t<\/div>\n\t\t\t\t\t<\/div>\n\t\t<\/div>\n\t\t\t\t\t<\/div>\n\t\t<\/section>\n\t\t\t\t<\/div>\n\t\t","protected":false},"excerpt":{"rendered":"<p>Dreiradfreunde.de Seit 2006 DIE Community und das erste soziale Netzwerk f\u00fcr Piaggio Ape- und Fahrer motorisierter Dreir\u00e4der Eine starke Gemeinschaft Wir sind eine starke Gemeinschaft und DER Onlinetreffpunkt f\u00fcr alle Dreiradverr\u00fcckten. Wir bieten (fast) alles Unsere Community umfasst ein gro\u00dfes typensortiertes Forum, Chat, Galerien, Kleinanzeiger, und vieles mehr. Registriere Dich KOSTENLOS bei uns. Datenschutz ist [&hellip;]<\/p>\n","protected":false},"author":1,"featured_media":0,"parent":0,"menu_order":0,"comment_status":"closed","ping_status":"closed","template":"","meta":{"_acf_changed":false,"_bbp_topic_count":0,"_bbp_reply_count":0,"_bbp_total_topic_count":0,"_bbp_total_reply_count":0,"_bbp_voice_count":0,"_bbp_anonymous_reply_count":0,"_bbp_topic_count_hidden":0,"_bbp_reply_count_hidden":0,"_bbp_forum_subforum_count":0,"pmpro_default_level":"","footnotes":""},"class_list":["post-253","page","type-page","status-publish","hentry","pmpro-has-access"],"acf":[],"aioseo_notices":[],"_links":{"self":[{"href":"https:\/\/dreiradfreunde.de\/drf\/wp-json\/wp\/v2\/pages\/253","targetHints":{"allow":["GET"]}}],"collection":[{"href":"https:\/\/dreiradfreunde.de\/drf\/wp-json\/wp\/v2\/pages"}],"about":[{"href":"https:\/\/dreiradfreunde.de\/drf\/wp-json\/wp\/v2\/types\/page"}],"author":[{"embeddable":true,"href":"https:\/\/dreiradfreunde.de\/drf\/wp-json\/wp\/v2\/users\/1"}],"replies":[{"embeddable":true,"href":"https:\/\/dreiradfreunde.de\/drf\/wp-json\/wp\/v2\/comments?post=253"}],"version-history":[{"count":0,"href":"https:\/\/dreiradfreunde.de\/drf\/wp-json\/wp\/v2\/pages\/253\/revisions"}],"wp:attachment":[{"href":"https:\/\/dreiradfreunde.de\/drf\/wp-json\/wp\/v2\/media?parent=253"}],"curies":[{"name":"wp","href":"https:\/\/api.w.org\/{rel}","templated":true}]}}