{"id":16501,"date":"2022-12-16T01:43:16","date_gmt":"2022-12-16T00:43:16","guid":{"rendered":"https:\/\/dreiradfreunde.de\/drf\/?page_id=16501"},"modified":"2022-12-16T01:43:16","modified_gmt":"2022-12-16T00:43:16","slug":"sponsor-gesucht","status":"publish","type":"page","link":"https:\/\/dreiradfreunde.de\/drf\/sponsor-gesucht\/","title":{"rendered":"Sponsor gesucht"},"content":{"rendered":"<h3 style=\"text-align: center;\"><span style=\"color: #0000ff;\"><strong>Sponsor gesucht<\/strong><\/span><\/h3>\n<p>Ich suche einen Sponsor f\u00fcr ein Piaggio Ape Dreirad.<\/p>\n<p><em><strong>Folgende W\u00fcnsche sind vorhanden:<\/strong><\/em><\/p>\n<ul>\n<li>Piaggio Ape Dreirad (gebraucht oder neu)<\/li>\n<li>idealerweise eine gro\u00dfe Ape (TM oder \u00e4hnliches)<\/li>\n<li>idealerweise mit Kastenaufbau (Planenaufbau auch ok)<\/li>\n<li>idealerweise mit Lenkrad<\/li>\n<li>Fahrzeug sollte fahrbereit sein (mit T\u00dcV)<\/li>\n<li>Fahrzeug sollte *langstreckentauglich* und alltagstauglich sein<\/li>\n<li>Fahrzeug muss optisch nicht perfekt sein<\/li>\n<li>Ladebordw\u00e4nde und T\u00fcren sollten frei bleiben f\u00fcr Communitywerbung<\/li>\n<\/ul>\n<p>Der Sponsor kann seine eigene Werbung auf dem Kasten bzw. auf der Plane seitlich und hinten anbringen.<\/p>\n<p>Ich ben\u00f6tige das Fahrzeug, um die Community deutschlandweit auf Apetreffen zu vertreten, aber auch f\u00fcr den Alltagseinsatz.<\/p>\n<p>Ich wohne mittlerweile in der Lausitz, meiner alten Heimat, wo sicherlich viele potentielle Neukunden vorhanden sein k\u00f6nnten. In der Lausitz enstehen derzeit viele neue Seen und der Tourismus entwickelt sich st\u00e4ndig weiter.<\/p>\n<p><em><strong>Was kann ich bieten?<\/strong><\/em><\/p>\n<ul>\n<li>t\u00e4gliche Pr\u00e4senz im Stra\u00dfenverkehr (in der Lausitz)<\/li>\n<li>Abstellen des Fahrzeuges an gut frequentierter Stelle<\/li>\n<li>Teilnahme an Apetreffen deutschlandweit (insofern finanziell und zeitlich m\u00f6glich)<\/li>\n<li>Beratung und Begeisterung von potenziellen Neukunden f\u00fcr Piaggio Dreir\u00e4der mit Hinweis auf den Sponsor<\/li>\n<li>Verweise im Forum etc. auf den Sponsor<\/li>\n<li>spezielle Konditionen f\u00fcr Werbung auf unserer Community (H\u00e4ndlerverzeichnis, Werbung und andere M\u00f6glichkeiten)<\/li>\n<li>u.v.m.<\/li>\n<\/ul>\n<p>Ich w\u00fcrde mich freuen, auf diesem Wege einen Sponsor zu finden, mit dem ich gut zusammenarbeiten kann. Alles weitere w\u00fcrde ich dann mit dem potentiellen Sponsor besprechen.<\/p>\n<p>Wenn Sie als Sponsor f\u00fcr mich in Frage kommen und die o.g. W\u00fcnsche erf\u00fcllen k\u00f6nnen, dann w\u00fcrde ich mich freuen, wenn Sie mit mir Kontakt aufnehmen w\u00fcrden, entweder \u00fcber das <span style=\"color: #0000ff;\"><em>Kontaktformular<\/em><\/span> oder \u00fcber Telefon (0173-8072833).<\/p>\n<p><strong>Wichtig:<\/strong> Sitzt der Sponsor weiter weg, m\u00fcsste das Fahrzeug eventuell geliefert werden.<\/p>\n<p><em>Kleiner Hinweis:<\/em><\/p>\n<p>Ich habe bereits vor einiger Zeit eine Ape 50 besessen, welche in Dreiradkreisen und auf Treffen als Webmasterape bekannt war. Dies ist leider schon etwas her.<\/p>\n<p>Ihr Webmaster<\/p>\n<p><em>Rico Schulz<\/em><\/p>\n","protected":false},"excerpt":{"rendered":"<p>Sponsor gesucht Ich suche einen Sponsor f\u00fcr ein Piaggio Ape Dreirad. Folgende W\u00fcnsche sind vorhanden: Piaggio Ape Dreirad (gebraucht oder neu) idealerweise eine gro\u00dfe Ape (TM oder \u00e4hnliches) idealerweise mit Kastenaufbau (Planenaufbau auch ok) idealerweise mit Lenkrad Fahrzeug sollte fahrbereit sein (mit T\u00dcV) Fahrzeug sollte *langstreckentauglich* und alltagstauglich sein Fahrzeug muss optisch nicht perfekt sein [&hellip;]<\/p>\n","protected":false},"author":1,"featured_media":0,"parent":0,"menu_order":0,"comment_status":"closed","ping_status":"closed","template":"","meta":{"_acf_changed":false,"_bbp_topic_count":0,"_bbp_reply_count":0,"_bbp_total_topic_count":0,"_bbp_total_reply_count":0,"_bbp_voice_count":0,"_bbp_anonymous_reply_count":0,"_bbp_topic_count_hidden":0,"_bbp_reply_count_hidden":0,"_bbp_forum_subforum_count":0,"pmpro_default_level":"","footnotes":""},"class_list":["post-16501","page","type-page","status-publish","hentry","pmpro-has-access"],"acf":[],"aioseo_notices":[],"_links":{"self":[{"href":"https:\/\/dreiradfreunde.de\/drf\/wp-json\/wp\/v2\/pages\/16501","targetHints":{"allow":["GET"]}}],"collection":[{"href":"https:\/\/dreiradfreunde.de\/drf\/wp-json\/wp\/v2\/pages"}],"about":[{"href":"https:\/\/dreiradfreunde.de\/drf\/wp-json\/wp\/v2\/types\/page"}],"author":[{"embeddable":true,"href":"https:\/\/dreiradfreunde.de\/drf\/wp-json\/wp\/v2\/users\/1"}],"replies":[{"embeddable":true,"href":"https:\/\/dreiradfreunde.de\/drf\/wp-json\/wp\/v2\/comments?post=16501"}],"version-history":[{"count":0,"href":"https:\/\/dreiradfreunde.de\/drf\/wp-json\/wp\/v2\/pages\/16501\/revisions"}],"wp:attachment":[{"href":"https:\/\/dreiradfreunde.de\/drf\/wp-json\/wp\/v2\/media?parent=16501"}],"curies":[{"name":"wp","href":"https:\/\/api.w.org\/{rel}","templated":true}]}}