{"id":16493,"date":"2022-12-16T01:41:56","date_gmt":"2022-12-16T00:41:56","guid":{"rendered":"https:\/\/dreiradfreunde.de\/drf\/?page_id=16493"},"modified":"2022-12-16T01:41:56","modified_gmt":"2022-12-16T00:41:56","slug":"historie-der-community-dreiradfreunde-de","status":"publish","type":"page","link":"https:\/\/dreiradfreunde.de\/drf\/historie-der-community-dreiradfreunde-de\/","title":{"rendered":"Historie der Community Dreiradfreunde.de"},"content":{"rendered":"<h3 style=\"text-align: center;\"><span style=\"color: #3366ff;\"><strong>Historie der Community Dreiradfreunde.de<\/strong><\/span><\/h3>\n<p>Hier erfahrt Ihr einiges \u00fcber die Historie der Community Dreiradfreunde.de.<\/p>\n<p><strong><em>Eines noch vorweg:<\/em><\/strong><\/p>\n<p>Einige der im Internet bestehenden Foren \u00fcber italienische Dreir\u00e4der basieren auf der Grundidee von Dreiradfreunde.de, Hier haupts\u00e4chlich die Struktur und Themenbereiche der Forenstruktur. Immer wenn ich den Forenbereich oder Zusatzbereiche der Community \u00e4nderte, erweiterte oder umstrukturierte, konnte man innerhalb k\u00fcrzester Zeit beobachten, wie dies auch in einigen anderen existierenden Foren in gleicher oder \u00e4hnlicher Weise \u00fcbernommen wurde. Von daher wundert Euch nicht, warum viele Foren fast gleich aufgebaut sind.<\/p>\n<p><strong><em>Nun aber zur Historie der Community:<\/em><\/strong><\/p>\n<p>Im Jahr 2005 erhielt ich ein Angebot, eine Firmenwebseite f\u00fcr einen bekannten Piaggio Ape H\u00e4ndler zu erstellen. Dies tat ich dann auch und es kam der Wunsch auf, ein Forum zu integrieren, welches den Support der Kunden bereichern sollte. Leider gab es aber immer wieder Unruhen im Forum, so das hier die Entscheidung anstand, das Forum zu schlie\u00dfen oder auszugliedern. So habe ich mich entschlossen gehabt, in Absprache mit dem H\u00e4ndler, eine externe Community zu erstellen und diese unter dem Namen Dreiradfreunde.de zu betreiben.<\/p>\n<p>Deshalb gilt als <span style=\"color: #ff0000;\"><strong>Gr\u00fcndungsdatum<\/strong> <\/span>der <strong><span style=\"color: #ff0000;\">Oktober 2006.<\/span><\/strong><\/p>\n<p>Von Anfang an, seit dem es Dreiradfreunde.de gibt, haben wir uns von anderen Foren mit gleichem Inhalt unterscheiden. Zum einen war immer der Blick darauf gerichtet, Dreiradfreunde.de als Community zu betreiben und nicht als reines Forum. Zum anderen waren und sind wir eine geschlossene Community, das hei\u00dft, das man nur lesen und schreiben kann, wenn man registriert und angemeldet ist. Eine sehr lange Zeit \u00fcberpr\u00fcften wir auch die Mitglieder auf Echtheit, in dem wir diese kurz angerufen oder auf Treffen kennengelernt haben.\u00a0 Dies machen wir nun nicht mehr.<\/p>\n<p>Da diese Community ab dessen Gr\u00fcndung 2006 privat betrieben wurde und wird, wurde diese auch privat finanziert. So kam es immer wieder zu finanziellen Engp\u00e4ssen und es stand oft das Weiterbetreiben der Community auf dem Spiel. Aber ich habe es immer wieder geschafft, entsprechende finanzielle Mittel aufzutreiben.\u00a0 Zum einen aus Spenden, welche aber kaum zur Deckung der Kosten reichten. Und leider spendeten immer wieder nur die gleichen Mitglieder. Zur \u00dcberlegung stand auch, Werbung zu schalten, um die Kosten zu decken. Dies habe ich recht schnell verworfen, denn zum einen h\u00e4tte es das Design zerst\u00f6rt und ich wollte nicht die Mitglieder anbetteln, st\u00e4ndig auf die Banner zu klicken. Auf einem anderen Forum mit gleichem Inhalt war dies einige Zeit Gang und Gebe. Deshalb hatte ich mich 2018 entschlossen, das ganze mit Mitgliederbeitr\u00e4gen zu finanzieren, welche sehr gering waren und sind. die Idee hatte ich aber schon l\u00e4nger. Mit dem letzten Umbau 2020\/2021 habe ich dann endlich die Bezahlfunktion eingebaut. So kostet aktuell eine Jahresmitgliedschaft 5,00 Euro \/ Jahr f\u00fcr Standardmitglieder. Dies ist auch f\u00fcr Mitglieder finanzierbar, welche wenig Geld haben.<\/p>\n<p>Von Anfang an habe ich zur Erstellung modulare Systeme, sogenannte CMS (Content-Management-Systeme) verwendet. So konnte und kann ich die Community erweitern bzw. verkleinern, ohne das gro\u00dfe Ganze abzuschalten bzw. kompliziert umzubauen. So fing ich mit Xoops\/EXoops an und verwendete die Forensysteme SMF und phpBB und landete bei Joomla. Alle entsprechenden Systeme hatten ihre Vor- und Nachteile\u00a0 F\u00fcr den finalen Umbau habe ich mich dann f\u00fcr eines der bekanntesten Systeme entschieden, welches mir auch die Arbeit mit der Community enorm erleichtert. Aber auch das Aktualisieren des Systems geht so entsprechend leichter.<\/p>\n<p><em><strong>2016 bis 2019 &#8211; fast das Ende der Community &#8230;.<\/strong><\/em><\/p>\n<p>Ab dem Jahr 2016 zeichnete sich langsam ab, das es mit der Community bergab ging. Dies hatte verschiedene Ursachen. Zum einen war ich in Arbeit, wo ich die ganze Woche \u00fcber nicht zu Hause war und so sehr wenig Zeit hatte, um mich um die Community zu k\u00fcmmern. Zum anderen wurden einige Mitglieder unruhig, weil es hier und da in der Community klemmte und nicht alles perfekt lief. Das eine oder andere Mitglied nahm dies zum Grund, eine eigene Community bzw. ein Forum im Hintergrund zu bauen. Ich vermute aber auch, das das eine oder andere Mitglied entsprechende Funktion in der Community ausnutzte, um die Daten von Mitgliedern zu sammeln, um diese dann entsprechend abzuwerben. Dies ist aber nur eine Vermutung und ich werde auch keine Namen nennen. Jedenfalls konnte man nach Ver\u00f6ffentlichung der Community des entsprechenden Mitgliedes auf Dreiradfreunde.de einen sp\u00fcrbaren R\u00fcckgang der Aktivit\u00e4ten bis fast zum Stillstand feststellen. Entsprechend habe ich nun die AGB und Nutzungsbedingungen hier angepasst.<\/p>\n<p>Ich selber war hart\u00a0 am \u00fcberlegen, ob ich die Community Dreiradfreunde.de einstampfe und hin schmei\u00dfe oder ob ich noch mal einen Neustart wage. Nach reichlicher \u00dcberlegung hatte ich mich dann doch entschlossen,\u00a0 die Community neu aufzubauen. Also schaltete ich die Community 2019 ab. Dies hatte aber noch einen anderen Grund. Denn ich updatete auch den Server und die entsprechende PHP-Version, mit der die alte Community nun nicht mehr klar kam. Eigentlich wollte ich die alte Community weiterlaufen lassen und parallel dazu die neue aufbauen, um dann nur innerhalb k\u00fcrzester Zeit die Daten hin\u00fcber zu migrieren und die Abschaltzeit auf ein Minimum zu begrenzen. .Aber durch das PHP-Update war ich gezwungen, die Community komplett abzuschalten.<\/p>\n<p>Das die Abschaltung und der Neubau aber nun 2 Jahre lang gedauert hat, lag daran, das ich zum einen gesundheitlich nicht ganz fit war und zum anderen lag auch noch ein Umzug in meine alte Heimat, der Lausitz an.<\/p>\n<p><em><strong>2021 &#8211; Der Neuanfang\u00a0<\/strong><\/em><\/p>\n<p>Als ich 2019 in meiner alten Heimat angekommen war und auch wieder Internet hatte, begann ich nun, im Rahmen meiner gesundheitlichen M\u00f6glichkeiten, die Community neu zu erstellen. Ich habe ein paar Mal die neu installierten und erstellten Communitys wieder verworfen und gel\u00f6scht und wieder neu erstellt, bis ich soweit zufrieden war und alles gut funktionierte. Dies dauerte zwei lange Jahre und kostete viel Zeit, Nerven und Geld. Im Juni 2021 konnte ich dann die neue Community endlich online stellen, nachdem ich noch einmal alles durchgetestet hatte.<\/p>\n<p>Einen weiteren Antrieb bekam ich noch durch Teilnehmer des 1. Lausitzer und 3. Dreiradfreunde &#8211; Apetreffen in Lohsa.\u00a0 Diese ermutigten mich, weiter zu machen und ich war froh, wieder unter Ape Begeisterten zu sein und mal wieder in solch einem Gef\u00e4hrt mitzufahren.<\/p>\n<p>Im September 2021 habe ich dann noch einmal die Community f\u00fcr einige Zeit offline gestellt, um aufgetretene Fehler zu beseitigen, welche sich meist erst im laufenden Betrieb zeigten und um die Geschwindigkeit des Aufbaus der Seite zu verbessern, da bei einigen Mitgliedern die Seite doch recht langsam geladen hatte.<\/p>\n<p><em><strong>Einige Bilder verschiedener Jahre und Versionen der Community::<\/strong><\/em><\/p>\n<p><a href=\"https:\/\/dreiradfreunde.de\/drf\/wp-content\/uploads\/2022\/12\/casamotocom.jpg\"><img fetchpriority=\"high\" decoding=\"async\" class=\"aligncenter size-full wp-image-16494\" src=\"https:\/\/dreiradfreunde.de\/drf\/wp-content\/uploads\/2022\/12\/casamotocom.jpg\" alt=\"\" width=\"991\" height=\"599\" srcset=\"https:\/\/dreiradfreunde.de\/drf\/wp-content\/uploads\/2022\/12\/casamotocom.jpg 991w, https:\/\/dreiradfreunde.de\/drf\/wp-content\/uploads\/2022\/12\/casamotocom-300x181.jpg 300w, https:\/\/dreiradfreunde.de\/drf\/wp-content\/uploads\/2022\/12\/casamotocom-768x464.jpg 768w, https:\/\/dreiradfreunde.de\/drf\/wp-content\/uploads\/2022\/12\/casamotocom-496x300.jpg 496w, https:\/\/dreiradfreunde.de\/drf\/wp-content\/uploads\/2022\/12\/casamotocom-310x187.jpg 310w, https:\/\/dreiradfreunde.de\/drf\/wp-content\/uploads\/2022\/12\/casamotocom-150x91.jpg 150w\" sizes=\"100vw\" \/><\/a><\/p>\n\n<p>Die allererste Community, noch unter Casa &#8211; Moto betrieben<\/p>\n<p><a href=\"https:\/\/dreiradfreunde.de\/drf\/wp-content\/uploads\/2022\/12\/dreiradfreundeDEalt.jpg\"><img decoding=\"async\" class=\"aligncenter size-full wp-image-16495\" src=\"https:\/\/dreiradfreunde.de\/drf\/wp-content\/uploads\/2022\/12\/dreiradfreundeDEalt.jpg\" alt=\"\" width=\"996\" height=\"602\" srcset=\"https:\/\/dreiradfreunde.de\/drf\/wp-content\/uploads\/2022\/12\/dreiradfreundeDEalt.jpg 996w, https:\/\/dreiradfreunde.de\/drf\/wp-content\/uploads\/2022\/12\/dreiradfreundeDEalt-300x181.jpg 300w, https:\/\/dreiradfreunde.de\/drf\/wp-content\/uploads\/2022\/12\/dreiradfreundeDEalt-768x464.jpg 768w, https:\/\/dreiradfreunde.de\/drf\/wp-content\/uploads\/2022\/12\/dreiradfreundeDEalt-496x300.jpg 496w, https:\/\/dreiradfreunde.de\/drf\/wp-content\/uploads\/2022\/12\/dreiradfreundeDEalt-310x187.jpg 310w, https:\/\/dreiradfreunde.de\/drf\/wp-content\/uploads\/2022\/12\/dreiradfreundeDEalt-150x91.jpg 150w\" sizes=\"100vw\" \/><\/a><\/p>\n\n<p>Hier dann als erste Version, von mir betrieben<\/p>\n<p><a href=\"https:\/\/dreiradfreunde.de\/drf\/wp-content\/uploads\/2022\/12\/drfde.jpg\"><img decoding=\"async\" class=\"aligncenter size-full wp-image-16496\" src=\"https:\/\/dreiradfreunde.de\/drf\/wp-content\/uploads\/2022\/12\/drfde.jpg\" alt=\"\" width=\"1024\" height=\"768\" srcset=\"https:\/\/dreiradfreunde.de\/drf\/wp-content\/uploads\/2022\/12\/drfde.jpg 1024w, https:\/\/dreiradfreunde.de\/drf\/wp-content\/uploads\/2022\/12\/drfde-300x225.jpg 300w, https:\/\/dreiradfreunde.de\/drf\/wp-content\/uploads\/2022\/12\/drfde-768x576.jpg 768w, https:\/\/dreiradfreunde.de\/drf\/wp-content\/uploads\/2022\/12\/drfde-400x300.jpg 400w, https:\/\/dreiradfreunde.de\/drf\/wp-content\/uploads\/2022\/12\/drfde-310x233.jpg 310w, https:\/\/dreiradfreunde.de\/drf\/wp-content\/uploads\/2022\/12\/drfde-140x105.jpg 140w\" sizes=\"100vw\" \/><\/a><\/p>\n\n<p>Hier die Nachfolgeversion mit anderem System<\/p>\n<p><a href=\"https:\/\/dreiradfreunde.de\/drf\/wp-content\/uploads\/2022\/12\/DRF-aktuell.jpg\"><img loading=\"lazy\" decoding=\"async\" class=\"aligncenter size-large wp-image-16497\" src=\"https:\/\/dreiradfreunde.de\/drf\/wp-content\/uploads\/2022\/12\/DRF-aktuell-1024x488.jpg\" alt=\"\" width=\"1024\" height=\"488\" srcset=\"https:\/\/dreiradfreunde.de\/drf\/wp-content\/uploads\/2022\/12\/DRF-aktuell-1024x488.jpg 1024w, https:\/\/dreiradfreunde.de\/drf\/wp-content\/uploads\/2022\/12\/DRF-aktuell-300x143.jpg 300w, https:\/\/dreiradfreunde.de\/drf\/wp-content\/uploads\/2022\/12\/DRF-aktuell-768x366.jpg 768w, https:\/\/dreiradfreunde.de\/drf\/wp-content\/uploads\/2022\/12\/DRF-aktuell-1536x733.jpg 1536w, https:\/\/dreiradfreunde.de\/drf\/wp-content\/uploads\/2022\/12\/DRF-aktuell-629x300.jpg 629w, https:\/\/dreiradfreunde.de\/drf\/wp-content\/uploads\/2022\/12\/DRF-aktuell-310x148.jpg 310w, https:\/\/dreiradfreunde.de\/drf\/wp-content\/uploads\/2022\/12\/DRF-aktuell-150x72.jpg 150w, https:\/\/dreiradfreunde.de\/drf\/wp-content\/uploads\/2022\/12\/DRF-aktuell.jpg 1887w\" sizes=\"100vw\" \/><\/a><\/p>\n\n<p>Hier die vorletzte Version, wieder mit einem anderen System, bevor der gro\u00dfe Umbau kam<\/p>\n<p><a href=\"https:\/\/dreiradfreunde.de\/drf\/wp-content\/uploads\/2022\/12\/StartScreen.jpg\"><img loading=\"lazy\" decoding=\"async\" class=\"aligncenter size-large wp-image-16498\" src=\"https:\/\/dreiradfreunde.de\/drf\/wp-content\/uploads\/2022\/12\/StartScreen-1024x499.jpg\" alt=\"\" width=\"1024\" height=\"499\" srcset=\"https:\/\/dreiradfreunde.de\/drf\/wp-content\/uploads\/2022\/12\/StartScreen-1024x499.jpg 1024w, https:\/\/dreiradfreunde.de\/drf\/wp-content\/uploads\/2022\/12\/StartScreen-300x146.jpg 300w, https:\/\/dreiradfreunde.de\/drf\/wp-content\/uploads\/2022\/12\/StartScreen-768x374.jpg 768w, https:\/\/dreiradfreunde.de\/drf\/wp-content\/uploads\/2022\/12\/StartScreen-1536x749.jpg 1536w, https:\/\/dreiradfreunde.de\/drf\/wp-content\/uploads\/2022\/12\/StartScreen-615x300.jpg 615w, https:\/\/dreiradfreunde.de\/drf\/wp-content\/uploads\/2022\/12\/StartScreen-310x151.jpg 310w, https:\/\/dreiradfreunde.de\/drf\/wp-content\/uploads\/2022\/12\/StartScreen-150x73.jpg 150w, https:\/\/dreiradfreunde.de\/drf\/wp-content\/uploads\/2022\/12\/StartScreen.jpg 1893w\" sizes=\"100vw\" \/><\/a><\/p>\n\n<p>Die erste ver\u00f6ffentlichte Version nach dem gro\u00dfen Umbau 2021.<\/p>\n<p>Nach einer erneuten Abschaltung und reichlicher \u00dcberlegung habe ich mich entschlossen gehabt, die Community noch einmal komplett neu zu erstellen, aber diesmal ohne den Transfer der alten Daten aus dem Forum und ohne den Mitgliederdaten. Auch wenn es mir schwer fiel, aber um eine saubere und gut funktionierende Community zu haben, war dieser Neuanfang n\u00f6tig. Weitere Gr\u00fcnde kann man <span style=\"color: #0000ff;\"><strong>HI<\/strong><strong>E<\/strong><strong>R<\/strong> <\/span>finden.<\/p>\n<p>Hier nun ein Screenshot der allerneuesten Version vom 25.10.2021:<\/p>\n<p><a href=\"https:\/\/dreiradfreunde.de\/drf\/wp-content\/uploads\/2022\/12\/StartseiteDRF.jpg\"><img loading=\"lazy\" decoding=\"async\" class=\"aligncenter size-large wp-image-16499\" src=\"https:\/\/dreiradfreunde.de\/drf\/wp-content\/uploads\/2022\/12\/StartseiteDRF-1024x503.jpg\" alt=\"\" width=\"1024\" height=\"503\" srcset=\"https:\/\/dreiradfreunde.de\/drf\/wp-content\/uploads\/2022\/12\/StartseiteDRF-1024x503.jpg 1024w, https:\/\/dreiradfreunde.de\/drf\/wp-content\/uploads\/2022\/12\/StartseiteDRF-300x147.jpg 300w, https:\/\/dreiradfreunde.de\/drf\/wp-content\/uploads\/2022\/12\/StartseiteDRF-768x377.jpg 768w, https:\/\/dreiradfreunde.de\/drf\/wp-content\/uploads\/2022\/12\/StartseiteDRF-1536x754.jpg 1536w, https:\/\/dreiradfreunde.de\/drf\/wp-content\/uploads\/2022\/12\/StartseiteDRF-611x300.jpg 611w, https:\/\/dreiradfreunde.de\/drf\/wp-content\/uploads\/2022\/12\/StartseiteDRF-310x152.jpg 310w, https:\/\/dreiradfreunde.de\/drf\/wp-content\/uploads\/2022\/12\/StartseiteDRF-150x74.jpg 150w, https:\/\/dreiradfreunde.de\/drf\/wp-content\/uploads\/2022\/12\/StartseiteDRF.jpg 1896w\" sizes=\"100vw\" \/><\/a><\/p>\n\n\n\n<p><em>Wir erweitern die Historie nach und nach.<\/em><\/p>\n\n\n","protected":false},"excerpt":{"rendered":"<p>Historie der Community Dreiradfreunde.de Hier erfahrt Ihr einiges \u00fcber die Historie der Community Dreiradfreunde.de. Eines noch vorweg: Einige der im Internet bestehenden Foren \u00fcber italienische Dreir\u00e4der basieren auf der Grundidee von Dreiradfreunde.de, Hier haupts\u00e4chlich die Struktur und Themenbereiche der Forenstruktur. Immer wenn ich den Forenbereich oder Zusatzbereiche der Community \u00e4nderte, erweiterte oder umstrukturierte, konnte man [&hellip;]<\/p>\n","protected":false},"author":1,"featured_media":0,"parent":0,"menu_order":0,"comment_status":"closed","ping_status":"closed","template":"","meta":{"_acf_changed":false,"_bbp_topic_count":0,"_bbp_reply_count":0,"_bbp_total_topic_count":0,"_bbp_total_reply_count":0,"_bbp_voice_count":0,"_bbp_anonymous_reply_count":0,"_bbp_topic_count_hidden":0,"_bbp_reply_count_hidden":0,"_bbp_forum_subforum_count":0,"pmpro_default_level":"","footnotes":""},"class_list":["post-16493","page","type-page","status-publish","hentry","pmpro-has-access"],"acf":[],"aioseo_notices":[],"_links":{"self":[{"href":"https:\/\/dreiradfreunde.de\/drf\/wp-json\/wp\/v2\/pages\/16493","targetHints":{"allow":["GET"]}}],"collection":[{"href":"https:\/\/dreiradfreunde.de\/drf\/wp-json\/wp\/v2\/pages"}],"about":[{"href":"https:\/\/dreiradfreunde.de\/drf\/wp-json\/wp\/v2\/types\/page"}],"author":[{"embeddable":true,"href":"https:\/\/dreiradfreunde.de\/drf\/wp-json\/wp\/v2\/users\/1"}],"replies":[{"embeddable":true,"href":"https:\/\/dreiradfreunde.de\/drf\/wp-json\/wp\/v2\/comments?post=16493"}],"version-history":[{"count":0,"href":"https:\/\/dreiradfreunde.de\/drf\/wp-json\/wp\/v2\/pages\/16493\/revisions"}],"wp:attachment":[{"href":"https:\/\/dreiradfreunde.de\/drf\/wp-json\/wp\/v2\/media?parent=16493"}],"curies":[{"name":"wp","href":"https:\/\/api.w.org\/{rel}","templated":true}]}}