{"id":16475,"date":"2022-12-16T00:58:06","date_gmt":"2022-12-15T23:58:06","guid":{"rendered":"https:\/\/dreiradfreunde.de\/drf\/?page_id=16475"},"modified":"2022-12-16T00:58:06","modified_gmt":"2022-12-15T23:58:06","slug":"deine-vorteile-bei-uns","status":"publish","type":"page","link":"https:\/\/dreiradfreunde.de\/drf\/deine-vorteile-bei-uns\/","title":{"rendered":"Deine Vorteile bei uns"},"content":{"rendered":"<h3 style=\"text-align: center;\"><strong>Vorteile von Dreiradfreunde. de gegen\u00fcber anderen Dreirad- und Apecommunitys<\/strong><\/h3>\n<p><strong>geschlossene Community:<\/strong><\/p>\n<p>Dreiradfreunde.de ist eine geschlossene Community. Das hei\u00dft, das man die Community und ihre Funktionen nur nutzen und sehen kann, wenn man registriert und eingeloggt ist. Ausgenommen hiervon ist die Kleinanzeigen\u00fcbersicht und der Terminkalender f\u00fcr Treffen. Hier werden geschaltete Kleinanzeigen und ver\u00f6ffentlichte Termine auch f\u00fcr nicht registrierte und angemeldete Personen angezeigt. Die Schaltung von Kleinanzeigen und das Ver\u00f6ffentlichen von Terminen ist aber nur unseren Mitgliedern gestattet.<\/p>\n<p><strong>Du bestimmst, wer was sehen darf und kann:<\/strong><\/p>\n<p>Dreiradfreunde.de ist so aufgebaut, das Du in Deinem Profil und anderen Bereichen einstellen kannst, wer Dein Profil etc. sehen darf. Die Privatsph\u00e4reneinstellungen sind so aufgebaut, das Du einstellen kannst, ob nur Du, nur Deine Freunde, alle Mitglieder oder Jeder Deine Sachen sehen darf. Voreingestellt ist, das nur registriere und angemeldete Mitglieder alles sehen d\u00fcrfen. Ich empfehle, das Du bei der Einrichtung Deines Profils auch direkt die Privatsph\u00e4reneinstellungen vornimmst.<\/p>\n<p><strong>Deine Daten geh\u00f6ren Dir:<\/strong><\/p>\n<p>Die Community ist so aufgebaut, das sie keine weiteren Daten von Dir aufzeichnet und an Dritte weiterleitet. Auch ich selber zeichne keine weiteren Daten von Dir auf. Es werden auch keine Daten an Dritte weitergegeben oder verkauft. Alle von Dir auf Dreiradfreunde.de ver\u00f6ffentlichten Daten, Beitr\u00e4ge und Bilder geh\u00f6ren ausnahmslos Dir. Wenn ich f\u00fcr die communityeigene Werbung oder f\u00fcr Designs etc. Bilder von Dir m\u00f6chte, frage ich Dich. Wenn Du einmal Dein Benutzerkonto auf Dreiradfreunde.de l\u00f6schst, dann werden auch alle von Dir ver\u00f6ffentlichten Daten, Bilder und Beitr\u00e4ge gel\u00f6scht.<\/p>\n<p><strong>Sicherheit der Webseite:<\/strong><\/p>\n<p>Dreiradfreunde.de ist auf dem modernsten Stand der Technik. Hier werden keine veralteten Scripte und Codes verwendet, wie teilweise noch auf anderen Dreirad- und Apecommunitys. Ich update regelm\u00e4\u00dfig die Webseite und die daf\u00fcr verwendeten Scripte. Auch wurden Sicherheitsma\u00dfnahmen eingebaut, um unrechtm\u00e4\u00dfige Zugriffe durch Hacker oder andere unberechtigte Personen zu verhindern. Des weiteren nutzt Dreiradfreunde.de eine SSL-Verschl\u00fcsselung, so das Deine Daten hier sicher sind. Ich nehme Sicherheit und Datenschutz sehr ernst.<\/p>\n<p><strong>Umfangreiche Communityfunktionen:<\/strong><\/p>\n<p>Auf Dreiradfreunde.de findest Du eine Community mit vielen Funktionen und Gadgets vor.\u00a0 Derzeit ist Dreiradfreunde.de die einzige Community, die solch ein Angebot an Funktionen hat. Alle Funktionen findest Du <strong>HIER<\/strong>.<\/p>\n<p><strong>privat gef\u00fchrte Community:<\/strong><\/p>\n<p>Dreiradfreunde.de ist eine von einer Privatperson gef\u00fchrten Community. Die Community ist h\u00e4ndlerunabh\u00e4ngig. Somit ist eine freie und unabh\u00e4ngige Kommunikation gew\u00e4hrleistet.<\/p>\n<p><strong>gro\u00dfer Hilfebereich:<\/strong><\/p>\n<p>Du findest auf Dreiradfreunde.de einen umfangreichen Hilfebereich mit Anleitungen zu allen Bereichen der Community. Und sollten Dir die Anleitungen mal nicht weiterhelfen, so kannst Du Dich \u00fcber das Kontaktformular an mich wenden. Ich helfe dann umgehend weiter.<\/p>\n<p>Nat\u00fcrlich gibt es sicherlich noch viele andere Vorteile, die Dreiradfreunde.de gegen\u00fcber anderen Dreirad- und Apecommunitys hat, die hier nicht aufgez\u00e4hlt worden sind. Deshalb empfehle ich Dir, Dich selbst zu \u00fcberzeugen. Nutze die Testmitgliedschaft, um 90 Tage die Community kennenzulernen.<\/p>\n","protected":false},"excerpt":{"rendered":"<p>Vorteile von Dreiradfreunde. de gegen\u00fcber anderen Dreirad- und Apecommunitys geschlossene Community: Dreiradfreunde.de ist eine geschlossene Community. Das hei\u00dft, das man die Community und ihre Funktionen nur nutzen und sehen kann, wenn man registriert und eingeloggt ist. Ausgenommen hiervon ist die Kleinanzeigen\u00fcbersicht und der Terminkalender f\u00fcr Treffen. Hier werden geschaltete Kleinanzeigen und ver\u00f6ffentlichte Termine auch f\u00fcr [&hellip;]<\/p>\n","protected":false},"author":1,"featured_media":0,"parent":0,"menu_order":0,"comment_status":"closed","ping_status":"closed","template":"","meta":{"_acf_changed":false,"_bbp_topic_count":0,"_bbp_reply_count":0,"_bbp_total_topic_count":0,"_bbp_total_reply_count":0,"_bbp_voice_count":0,"_bbp_anonymous_reply_count":0,"_bbp_topic_count_hidden":0,"_bbp_reply_count_hidden":0,"_bbp_forum_subforum_count":0,"pmpro_default_level":"","footnotes":""},"class_list":["post-16475","page","type-page","status-publish","hentry","pmpro-has-access"],"acf":[],"aioseo_notices":[],"_links":{"self":[{"href":"https:\/\/dreiradfreunde.de\/drf\/wp-json\/wp\/v2\/pages\/16475","targetHints":{"allow":["GET"]}}],"collection":[{"href":"https:\/\/dreiradfreunde.de\/drf\/wp-json\/wp\/v2\/pages"}],"about":[{"href":"https:\/\/dreiradfreunde.de\/drf\/wp-json\/wp\/v2\/types\/page"}],"author":[{"embeddable":true,"href":"https:\/\/dreiradfreunde.de\/drf\/wp-json\/wp\/v2\/users\/1"}],"replies":[{"embeddable":true,"href":"https:\/\/dreiradfreunde.de\/drf\/wp-json\/wp\/v2\/comments?post=16475"}],"version-history":[{"count":0,"href":"https:\/\/dreiradfreunde.de\/drf\/wp-json\/wp\/v2\/pages\/16475\/revisions"}],"wp:attachment":[{"href":"https:\/\/dreiradfreunde.de\/drf\/wp-json\/wp\/v2\/media?parent=16475"}],"curies":[{"name":"wp","href":"https:\/\/api.w.org\/{rel}","templated":true}]}}