{"id":16473,"date":"2022-12-16T00:55:09","date_gmt":"2022-12-15T23:55:09","guid":{"rendered":"https:\/\/dreiradfreunde.de\/drf\/?page_id=16473"},"modified":"2022-12-16T00:55:09","modified_gmt":"2022-12-15T23:55:09","slug":"warum-wir","status":"publish","type":"page","link":"https:\/\/dreiradfreunde.de\/drf\/warum-wir\/","title":{"rendered":"Warum Wir?"},"content":{"rendered":"<h3 style=\"text-align: center;\">Warum Dreiradfreunde.de?<\/h3>\n<p>Dreiradfreunde.de ist die am l\u00e4ngsten existierende privat gef\u00fchrte Community, welche sich mit dem Thema Piaggio Ape und andere motorisierte Dreir\u00e4der besch\u00e4ftigt. Wir existieren bereits seit 2006 und haben derzeit die meisten Funktionen, die ein Dreirad-Forum bzw. eine Dreirad-Community bieten kann.<\/p>\n<p>Ich als Betreiber dieser Community war auf vielen anderen Communitys mit gleichem oder \u00e4hnlichem Inhalt unterwegs und angemeldet. Leider entsprachen und entsprechen fast alle Communitys nicht meinem Geschmack und waren und sind teilweise sehr kompliziert aufgebaut, umst\u00e4ndlich zu bedienen oder deren Eigent\u00fcmer und\/oder Moderatoren benahmen sich dort wie Diktatoren.<\/p>\n<p>Deswegen habe ich mich entschieden, eine eigene Community zu erstellen, wo ich versuche, meine W\u00fcnsche umzusetzen, eine einfache Bedienung f\u00fcr die Mitglieder zu gew\u00e4hrleisten und vor allem eine sch\u00f6ne Community zu schaffen, die viele Gleichgesinnte mit diesem Hobby und Virus der Dreir\u00e4der anspricht.<\/p>\n<p>Ich m\u00f6chte dann aber auch viele W\u00fcnsche und Anregungen umsetzen, insoweit umsetzbar und m\u00f6glich, die die Mitglieder im Forum geben k\u00f6nnen. Denn eine Community lebt nur von und mit dessen Mitgliedern.<\/p>\n<p><strong>Hier nun einige Vorteile von Dreiradfreunde.de:<\/strong><\/p>\n<ul>\n<li>geschlossene Community (nur registrierte und angemeldete Mitglieder k\u00f6nnen alles sehen und nutzen)<\/li>\n<li>geringe j\u00e4hrliche Mitgliedsgeb\u00fchr von 5,00 Euro (damit finanzieren wir die Community) mit vorheriger 90-t\u00e4giger kostenloser Testzeit<\/li>\n<li>\u00fcbersichtlicher Mitgliedsbereich<\/li>\n<li>viele Bereiche kostenlos (auf <span style=\"color: #0000ff;\"><em>zus\u00e4tzlich kostenpflichtige Funktionen<\/em><\/span> wird immer hingewiesen)<\/li>\n<li>gro\u00dfes und umfangreiches Forum<\/li>\n<li>\u00fcbersichtlicher Veranstaltungskalender mit vielen Funktionen<\/li>\n<li>Mitglieder-Chat<\/li>\n<li>Gruppenbereich mit Forenfunktion, Gruppenkalender und Gruppenchat<\/li>\n<li>eigene Galerie ohne Beschr\u00e4nkung der Anzahl von Alben und Bildern<\/li>\n<li>umfangreicher Kleinanzeigenmarkt<\/li>\n<li>erweiterte Privatsph\u00e4reneinstellungen, Du entscheidest, wer etwas sehen darf<\/li>\n<li>Deine Daten geh\u00f6ren Dir<\/li>\n<li>Datenschutz und Datensicherheit wird bei uns gro\u00dfgeschrieben<\/li>\n<li>und vieles andere mehr \u2026<\/li>\n<\/ul>\n<p><strong>Was ist noch geplant:<\/strong><\/p>\n<ul>\n<li>Einbau einer Mitglieder-Karte<\/li>\n<li>Anpassung der Community an die W\u00fcnsche der Mitglieder<\/li>\n<li>Einbau eines H\u00e4ndlerbereiches bzw. H\u00e4ndlerverzeichnisses<\/li>\n<li>und sicherlich noch der Einbau des einen oder anderen Gimmicks<\/li>\n<\/ul>\n<p>F\u00fcr Fragen, Kritik, W\u00fcnsche und Anregungen sowie Verbesserungsvorschl\u00e4ge stehe ich Euch gern im Forum zur Verf\u00fcgung.<\/p>\n<p><em>Euer Webbi Rico<\/em><\/p>\n","protected":false},"excerpt":{"rendered":"<p>Warum Dreiradfreunde.de? Dreiradfreunde.de ist die am l\u00e4ngsten existierende privat gef\u00fchrte Community, welche sich mit dem Thema Piaggio Ape und andere motorisierte Dreir\u00e4der besch\u00e4ftigt. Wir existieren bereits seit 2006 und haben derzeit die meisten Funktionen, die ein Dreirad-Forum bzw. eine Dreirad-Community bieten kann. Ich als Betreiber dieser Community war auf vielen anderen Communitys mit gleichem oder [&hellip;]<\/p>\n","protected":false},"author":1,"featured_media":0,"parent":0,"menu_order":0,"comment_status":"closed","ping_status":"closed","template":"","meta":{"_acf_changed":false,"_bbp_topic_count":0,"_bbp_reply_count":0,"_bbp_total_topic_count":0,"_bbp_total_reply_count":0,"_bbp_voice_count":0,"_bbp_anonymous_reply_count":0,"_bbp_topic_count_hidden":0,"_bbp_reply_count_hidden":0,"_bbp_forum_subforum_count":0,"pmpro_default_level":"","footnotes":""},"class_list":["post-16473","page","type-page","status-publish","hentry","pmpro-has-access"],"acf":[],"aioseo_notices":[],"_links":{"self":[{"href":"https:\/\/dreiradfreunde.de\/drf\/wp-json\/wp\/v2\/pages\/16473","targetHints":{"allow":["GET"]}}],"collection":[{"href":"https:\/\/dreiradfreunde.de\/drf\/wp-json\/wp\/v2\/pages"}],"about":[{"href":"https:\/\/dreiradfreunde.de\/drf\/wp-json\/wp\/v2\/types\/page"}],"author":[{"embeddable":true,"href":"https:\/\/dreiradfreunde.de\/drf\/wp-json\/wp\/v2\/users\/1"}],"replies":[{"embeddable":true,"href":"https:\/\/dreiradfreunde.de\/drf\/wp-json\/wp\/v2\/comments?post=16473"}],"version-history":[{"count":0,"href":"https:\/\/dreiradfreunde.de\/drf\/wp-json\/wp\/v2\/pages\/16473\/revisions"}],"wp:attachment":[{"href":"https:\/\/dreiradfreunde.de\/drf\/wp-json\/wp\/v2\/media?parent=16473"}],"curies":[{"name":"wp","href":"https:\/\/api.w.org\/{rel}","templated":true}]}}