{"id":16443,"date":"2022-12-15T01:38:20","date_gmt":"2022-12-15T00:38:20","guid":{"rendered":"https:\/\/dreiradfreunde.de\/drf\/?page_id=16443"},"modified":"2022-12-15T01:40:08","modified_gmt":"2022-12-15T00:40:08","slug":"sicherheitshinweise-kleinanzeiger","status":"publish","type":"page","link":"https:\/\/dreiradfreunde.de\/drf\/sicherheitshinweise-kleinanzeiger\/","title":{"rendered":"Sicherheitshinweise Kleinanzeiger"},"content":{"rendered":"<h3 style=\"text-align: center;\">Sicherheitshinweise zum Umgang im Kleinanzeiger<\/h3>\n<p>Da es mittlerweile auch in der Dreirad- und Ape-Szene passiert, das Fahrzeuge oder Teile davon gestohlen werden oder Verk\u00e4ufer und K\u00e4ufer (privat oder gesch\u00e4ftlich) betrogen werden, hier einige Sicherheitshinweise:<\/p>\n<p><strong>F\u00fcr Verk\u00e4ufer:<\/strong><\/p>\n<ul>\n<li>Gebe in den Kleinanzeigen und in den ersten Kontakten NIE eine genaue Adresse an oder verrate den Verk\u00e4ufern den Standort Deines Fahrzeuges.<\/li>\n<li>Gebe nur Personen, die Du pers\u00f6nlich kennst und denen Du vertrauen kannst, Deinen genauen Standort bekannt.<\/li>\n<li>Versuche bei Gesch\u00e4ften \u00fcber den Kleinanzeiger zuallererst Barzahlung bei Abholung.<\/li>\n<li>Versuche bei Versandgesch\u00e4ften idealerweise PayPal zu nutzen oder andere Anbieter, die auch einen gewissen Schutz f\u00fcr H\u00e4ndler und Anbieter anbieten.<\/li>\n<li>Gehe nie auf Anfragen ein, welche einen Kurier schicken m\u00f6chten mit Scheck oder \u00e4hnlichen Bezahlweisen.<\/li>\n<li>Idealerweise verkaufst Du nicht ins Ausland, vor allem ins nichteurop\u00e4ische Ausland.<\/li>\n<\/ul>\n<p><strong>F\u00fcr K\u00e4ufer:<\/strong><\/p>\n<ul>\n<li>\u00dcberweise NIE Geld ins Ausland, vor allem nicht ins nichteurop\u00e4ische Ausland<\/li>\n<li>Nutze bei Bezahlung Barzahlung bei Abholung, wenn dies nicht geht, nutze einen Dienstleister wie PayPal oder andere \u00e4hnliche Anbieter, welche einen K\u00e4uferschutz anbieten.<\/li>\n<li>\u00dcberweise NIE Geld \u00fcber WesternUnion oder \u00e4hnliche Anbieter<\/li>\n<li>Angebote, die zu sch\u00f6n sind, um wahr zu sein, k\u00f6nnen auf Betrug oder illegale Gesch\u00e4fte hinweisen. Frage hier nach, woher die Artikel stammen. Bist Du Dir unsicher, verzichte lieber auf den Kauf.. Es k\u00f6nnte sich um gestohlene Ware handeln oder um Betr\u00fcger, die nur an Dein Geld wollen.<\/li>\n<\/ul>\n<p><strong>Allgemeine Hinweise:<\/strong><\/p>\n<ul>\n<li>Nutze die M\u00f6glichkeit, wenn machbar, das man sich mit dem Verk\u00e4ufer auf Apetreffen trifft. Dort kannst Du die Ware auch begutachten und sicherstellen, das der Verk\u00e4ufer echt ist und die Ware in gutem Zustand.<\/li>\n<li>Frage im Zweifelsfall in Apeforen nach, ob jemand den Verk\u00e4ufer kennt.<\/li>\n<li>Kommt Dir eine Anzeige bei uns im Kleinanzeiger komisch oder unseri\u00f6s vor? Dann scheue Dich nicht, dies uns zu melden \u00fcber unser <strong>Kontaktformular<\/strong>. Wir setzen uns dann mit dem Anbieter in Verbindung und kl\u00e4ren das ab.<\/li>\n<\/ul>\n<p><span style=\"color: #ff0000;\"><strong>Wichtiger Hinweis:<\/strong><\/span> Dreiradfreunde.de haftet nicht f\u00fcr Sch\u00e4den, egal ob finanzielle oder materielle, welche bei Gesch\u00e4ften und bei der Nutzung des Kleinanzeigers entstehen k\u00f6nnten. Dreiradfreunde.de bietet nur die Plattform an, damit Anbieter legale Waren anbieten oder K\u00e4ufer Suchanzeigen schalten k\u00f6nnen. Dreiradfreunde.de betreibt nur die technische Plattform und hat mit den dort gemachten Gesch\u00e4ften nichts weiter zu tun.<\/p>\n<p>Bei Betrug oder \u00e4hnlichen kriminellen Handlungen (Verkauf gestohlener Ware etc.) bitten wir, uns dies umgehend zu melden, damit wir entsprechende Anzeige\/-n deaktivieren und entsprechende Ma\u00dfnahmen einleiten k\u00f6nnen (Sicherung von Beweisdaten etc.).<\/p>\n<p>Wir versuchen, den Kleinanzeiger so sicher wie m\u00f6glich zu machen, damit es gar nicht erst zu solchen Handlungen kommen kann.<\/p>\n<p><em>Dein Team von Dreiradfreunde.de\u00a0<\/em><\/p>\n","protected":false},"excerpt":{"rendered":"<p>Sicherheitshinweise zum Umgang im Kleinanzeiger Da es mittlerweile auch in der Dreirad- und Ape-Szene passiert, das Fahrzeuge oder Teile davon gestohlen werden oder Verk\u00e4ufer und K\u00e4ufer (privat oder gesch\u00e4ftlich) betrogen werden, hier einige Sicherheitshinweise: F\u00fcr Verk\u00e4ufer: Gebe in den Kleinanzeigen und in den ersten Kontakten NIE eine genaue Adresse an oder verrate den Verk\u00e4ufern den [&hellip;]<\/p>\n","protected":false},"author":1,"featured_media":0,"parent":0,"menu_order":0,"comment_status":"closed","ping_status":"closed","template":"","meta":{"_acf_changed":false,"_bbp_topic_count":0,"_bbp_reply_count":0,"_bbp_total_topic_count":0,"_bbp_total_reply_count":0,"_bbp_voice_count":0,"_bbp_anonymous_reply_count":0,"_bbp_topic_count_hidden":0,"_bbp_reply_count_hidden":0,"_bbp_forum_subforum_count":0,"pmpro_default_level":"","footnotes":""},"class_list":["post-16443","page","type-page","status-publish","hentry","pmpro-has-access"],"acf":[],"aioseo_notices":[],"_links":{"self":[{"href":"https:\/\/dreiradfreunde.de\/drf\/wp-json\/wp\/v2\/pages\/16443","targetHints":{"allow":["GET"]}}],"collection":[{"href":"https:\/\/dreiradfreunde.de\/drf\/wp-json\/wp\/v2\/pages"}],"about":[{"href":"https:\/\/dreiradfreunde.de\/drf\/wp-json\/wp\/v2\/types\/page"}],"author":[{"embeddable":true,"href":"https:\/\/dreiradfreunde.de\/drf\/wp-json\/wp\/v2\/users\/1"}],"replies":[{"embeddable":true,"href":"https:\/\/dreiradfreunde.de\/drf\/wp-json\/wp\/v2\/comments?post=16443"}],"version-history":[{"count":0,"href":"https:\/\/dreiradfreunde.de\/drf\/wp-json\/wp\/v2\/pages\/16443\/revisions"}],"wp:attachment":[{"href":"https:\/\/dreiradfreunde.de\/drf\/wp-json\/wp\/v2\/media?parent=16443"}],"curies":[{"name":"wp","href":"https:\/\/api.w.org\/{rel}","templated":true}]}}