{"id":2146,"date":"2021-10-14T19:15:48","date_gmt":"2021-10-14T17:15:48","guid":{"rendered":"https:\/\/dreiradfreunde.de\/drf-v3\/?page_id=2146"},"modified":"2021-10-14T19:15:48","modified_gmt":"2021-10-14T17:15:48","slug":"wer-kann-was","status":"publish","type":"page","link":"https:\/\/dreiradfreunde.de\/drf-v3\/wer-kann-was\/","title":{"rendered":"Wer kann was?"},"content":{"rendered":"<h4 style=\"text-align: center;\"><span style=\"color: #000080;\">Wer kann was?<\/span><\/h4>\n<p style=\"text-align: center;\">Hier k\u00f6nnt Ihr sehen, welche Mitgliedschaft was beinhaltet und wer was kann &#8230;<\/p>\n<p>&nbsp;<\/p>\n<table style=\"border-collapse: collapse; width: 99.8907%; height: 240px;\">\n<tbody>\n<tr style=\"height: 24px; background-color: #87bef5;\">\n<td style=\"width: 27.2719%; height: 24px;\"><strong>Funktionen<\/strong><\/td>\n<td style=\"width: 22.4536%; height: 24px; text-align: center;\"><strong>Standardmitglieder<\/strong><\/td>\n<td style=\"width: 25.0076%; height: 24px; text-align: center;\"><strong>H\u00e4ndler<\/strong><\/td>\n<td style=\"width: 31.7976%; height: 24px; text-align: center;\"><strong>H\u00e4ndler Plus<\/strong><\/td>\n<\/tr>\n<tr>\n<td style=\"width: 27.2719%;\"><\/td>\n<td style=\"width: 22.4536%; text-align: center;\"><\/td>\n<td style=\"width: 25.0076%; text-align: center;\"><\/td>\n<td style=\"width: 31.7976%; text-align: center;\"><\/td>\n<\/tr>\n<tr style=\"height: 24px; background-color: #e0dede;\">\n<td style=\"width: 27.2719%; height: 24px;\"><strong>Community<\/strong><\/td>\n<td style=\"width: 22.4536%; height: 24px; text-align: center;\"><\/td>\n<td style=\"width: 25.0076%; height: 24px; text-align: center;\"><\/td>\n<td style=\"width: 31.7976%; height: 24px; text-align: center;\"><\/td>\n<\/tr>\n<tr style=\"height: 24px;\">\n<td style=\"width: 27.2719%; height: 24px;\">alle Funktionen<\/td>\n<td style=\"width: 22.4536%; height: 24px; text-align: center;\">Ja<\/td>\n<td style=\"width: 25.0076%; height: 24px; text-align: center;\">Ja<\/td>\n<td style=\"width: 31.7976%; height: 24px; text-align: center;\">Ja<\/td>\n<\/tr>\n<tr>\n<td style=\"width: 27.2719%;\"><\/td>\n<td style=\"width: 22.4536%; text-align: center;\"><\/td>\n<td style=\"width: 25.0076%; text-align: center;\"><\/td>\n<td style=\"width: 31.7976%; text-align: center;\"><\/td>\n<\/tr>\n<tr style=\"height: 24px; background-color: #e0dede;\">\n<td style=\"width: 27.2719%; height: 24px;\"><strong>Forum<\/strong><\/td>\n<td style=\"width: 22.4536%; height: 24px; text-align: center;\"><\/td>\n<td style=\"width: 25.0076%; height: 24px; text-align: center;\"><\/td>\n<td style=\"width: 31.7976%; height: 24px; text-align: center;\"><\/td>\n<\/tr>\n<tr style=\"height: 24px;\">\n<td style=\"width: 27.2719%; height: 24px;\">Alle Funktionen<\/td>\n<td style=\"width: 22.4536%; height: 24px; text-align: center;\">Ja<\/td>\n<td style=\"width: 25.0076%; height: 24px; text-align: center;\">Ja<\/td>\n<td style=\"width: 31.7976%; height: 24px; text-align: center;\">Ja<\/td>\n<\/tr>\n<tr>\n<td style=\"width: 27.2719%;\"><\/td>\n<td style=\"width: 22.4536%; text-align: center;\"><\/td>\n<td style=\"width: 25.0076%; text-align: center;\"><\/td>\n<td style=\"width: 31.7976%; text-align: center;\"><\/td>\n<\/tr>\n<tr style=\"height: 24px; background-color: #e0dede;\">\n<td style=\"width: 27.2719%; height: 24px;\"><strong>Kleinanzeigenmarkt<\/strong><\/td>\n<td style=\"width: 22.4536%; height: 24px; text-align: center;\"><\/td>\n<td style=\"width: 25.0076%; height: 24px; text-align: center;\"><\/td>\n<td style=\"width: 31.7976%; height: 24px; text-align: center;\"><\/td>\n<\/tr>\n<tr style=\"height: 24px;\">\n<td style=\"width: 27.2719%; height: 24px;\">Anzeige erstellen<\/td>\n<td style=\"width: 22.4536%; height: 24px; text-align: center;\">Ja<\/td>\n<td style=\"width: 25.0076%; height: 24px; text-align: center;\">Ja<\/td>\n<td style=\"width: 31.7976%; height: 24px; text-align: center;\">Ja<\/td>\n<\/tr>\n<tr style=\"height: 24px;\">\n<td style=\"width: 27.2719%; height: 24px;\">Zugriff auf Anzeigenverwaltung<\/td>\n<td style=\"width: 22.4536%; height: 24px; text-align: center;\">Ja<\/td>\n<td style=\"width: 25.0076%; height: 24px; text-align: center;\">Ja<\/td>\n<td style=\"width: 31.7976%; height: 24px; text-align: center;\">Ja<\/td>\n<\/tr>\n<tr>\n<td style=\"width: 27.2719%;\"><\/td>\n<td style=\"width: 22.4536%; text-align: center;\"><\/td>\n<td style=\"width: 25.0076%; text-align: center;\"><\/td>\n<td style=\"width: 31.7976%; text-align: center;\"><\/td>\n<\/tr>\n<tr style=\"height: 24px; background-color: #e0dede;\">\n<td style=\"width: 27.2719%; height: 24px;\"><strong>Terminkalender<\/strong><\/td>\n<td style=\"width: 22.4536%; height: 24px; text-align: center;\"><\/td>\n<td style=\"width: 25.0076%; height: 24px; text-align: center;\"><\/td>\n<td style=\"width: 31.7976%; height: 24px; text-align: center;\"><\/td>\n<\/tr>\n<tr style=\"height: 24px;\">\n<td style=\"width: 27.2719%; height: 24px;\">Treffen eintragen<\/td>\n<td style=\"width: 22.4536%; height: 24px; text-align: center;\">Ja<\/td>\n<td style=\"width: 25.0076%; height: 24px; text-align: center;\">Ja<\/td>\n<td style=\"width: 31.7976%; height: 24px; text-align: center;\">Ja<\/td>\n<\/tr>\n<tr>\n<td style=\"width: 27.2719%;\">f\u00fcr Treffen registrieren<\/td>\n<td style=\"width: 22.4536%; text-align: center;\">Ja<\/td>\n<td style=\"width: 25.0076%; text-align: center;\">Ja<\/td>\n<td style=\"width: 31.7976%; text-align: center;\">Ja<\/td>\n<\/tr>\n<tr>\n<td style=\"width: 27.2719%;\"><\/td>\n<td style=\"width: 22.4536%; text-align: center;\"><\/td>\n<td style=\"width: 25.0076%; text-align: center;\"><\/td>\n<td style=\"width: 31.7976%; text-align: center;\"><\/td>\n<\/tr>\n<tr style=\"background-color: #e0dede;\">\n<td style=\"width: 27.2719%;\"><strong>H\u00e4ndlerverzeichnis<\/strong><\/td>\n<td style=\"width: 22.4536%; text-align: center;\"><\/td>\n<td style=\"width: 25.0076%; text-align: center;\"><\/td>\n<td style=\"width: 31.7976%; text-align: center;\"><\/td>\n<\/tr>\n<tr>\n<td style=\"width: 27.2719%;\">Zugriff auf Konto f\u00fcr H\u00e4ndlerverzeichnis<\/td>\n<td style=\"width: 22.4536%; text-align: center;\">Nein<\/td>\n<td style=\"width: 25.0076%; text-align: center;\">Nein<\/td>\n<td style=\"width: 31.7976%; text-align: center;\">Ja<\/td>\n<\/tr>\n<tr>\n<td style=\"width: 27.2719%;\">Eintrag ins H\u00e4ndlerverzeichnis<\/td>\n<td style=\"width: 22.4536%; text-align: center;\">Nein<\/td>\n<td style=\"width: 25.0076%; text-align: center;\">Nein<\/td>\n<td style=\"width: 31.7976%; text-align: center;\">Ja<\/td>\n<\/tr>\n<tr>\n<td style=\"width: 27.2719%;\"><\/td>\n<td style=\"width: 22.4536%; text-align: center;\"><\/td>\n<td style=\"width: 25.0076%; text-align: center;\"><\/td>\n<td style=\"width: 31.7976%; text-align: center;\"><\/td>\n<\/tr>\n<tr>\n<td style=\"width: 27.2719%;\"><strong>Preis pro Jahr<\/strong><\/td>\n<td style=\"width: 22.4536%; text-align: center;\">5,00 Euro<\/td>\n<td style=\"width: 25.0076%; text-align: center;\">10,00 Euro<\/td>\n<td style=\"width: 31.7976%; text-align: center;\">25,00 Euro<\/td>\n<\/tr>\n<tr>\n<td style=\"width: 27.2719%;\"><strong>Dauer der Mitgliedschaft<\/strong><\/td>\n<td style=\"width: 22.4536%; text-align: center;\">365 Tage<\/td>\n<td style=\"width: 25.0076%; text-align: center;\">365 Tage<\/td>\n<td style=\"width: 31.7976%; text-align: center;\">365 Tage<\/td>\n<\/tr>\n<\/tbody>\n<\/table>\n<p>&nbsp;<\/p>\n","protected":false},"excerpt":{"rendered":"<p>Wer kann was? Hier k\u00f6nnt Ihr sehen, welche Mitgliedschaft was beinhaltet und wer was kann &#8230; &nbsp; Funktionen Standardmitglieder H\u00e4ndler H\u00e4ndler Plus Community alle Funktionen Ja Ja Ja Forum Alle Funktionen Ja Ja Ja Kleinanzeigenmarkt Anzeige erstellen Ja Ja Ja Zugriff auf Anzeigenverwaltung Ja Ja Ja Terminkalender Treffen eintragen Ja Ja Ja f\u00fcr Treffen registrieren &hellip; <a href=\"https:\/\/dreiradfreunde.de\/drf-v3\/wer-kann-was\/\" class=\"more-link\">Weiterlesen<span class=\"screen-reader-text\"> &#8220;Wer kann was?&#8221;<\/span><\/a><\/p>\n","protected":false},"author":1,"featured_media":0,"parent":0,"menu_order":0,"comment_status":"closed","ping_status":"closed","template":"","meta":{"_bbp_topic_count":0,"_bbp_reply_count":0,"_bbp_total_topic_count":0,"_bbp_total_reply_count":0,"_bbp_voice_count":0,"_bbp_anonymous_reply_count":0,"_bbp_topic_count_hidden":0,"_bbp_reply_count_hidden":0,"_bbp_forum_subforum_count":0,"pmpro_default_level":"","footnotes":""},"categories":[],"tags":[],"class_list":["post-2146","page","type-page","status-publish","hentry","pmpro-has-access"],"_links":{"self":[{"href":"https:\/\/dreiradfreunde.de\/drf-v3\/wp-json\/wp\/v2\/pages\/2146","targetHints":{"allow":["GET"]}}],"collection":[{"href":"https:\/\/dreiradfreunde.de\/drf-v3\/wp-json\/wp\/v2\/pages"}],"about":[{"href":"https:\/\/dreiradfreunde.de\/drf-v3\/wp-json\/wp\/v2\/types\/page"}],"author":[{"embeddable":true,"href":"https:\/\/dreiradfreunde.de\/drf-v3\/wp-json\/wp\/v2\/users\/1"}],"replies":[{"embeddable":true,"href":"https:\/\/dreiradfreunde.de\/drf-v3\/wp-json\/wp\/v2\/comments?post=2146"}],"version-history":[{"count":1,"href":"https:\/\/dreiradfreunde.de\/drf-v3\/wp-json\/wp\/v2\/pages\/2146\/revisions"}],"predecessor-version":[{"id":16445,"href":"https:\/\/dreiradfreunde.de\/drf-v3\/wp-json\/wp\/v2\/pages\/2146\/revisions\/16445"}],"wp:attachment":[{"href":"https:\/\/dreiradfreunde.de\/drf-v3\/wp-json\/wp\/v2\/media?parent=2146"}],"wp:term":[{"taxonomy":"category","embeddable":true,"href":"https:\/\/dreiradfreunde.de\/drf-v3\/wp-json\/wp\/v2\/categories?post=2146"},{"taxonomy":"post_tag","embeddable":true,"href":"https:\/\/dreiradfreunde.de\/drf-v3\/wp-json\/wp\/v2\/tags?post=2146"}],"curies":[{"name":"wp","href":"https:\/\/api.w.org\/{rel}","templated":true}]}}