{"id":2139,"date":"2021-10-14T19:12:44","date_gmt":"2021-10-14T17:12:44","guid":{"rendered":"https:\/\/dreiradfreunde.de\/drf-v3\/?page_id=2139"},"modified":"2022-03-10T22:38:18","modified_gmt":"2022-03-10T21:38:18","slug":"kosten","status":"publish","type":"page","link":"https:\/\/dreiradfreunde.de\/drf-v3\/kosten\/","title":{"rendered":"Kosten"},"content":{"rendered":"<h3 style=\"text-align: center;\"><strong>Welche Kosten k\u00f6nnen auf Dreiradfreunde.de\u00a0 entstehen?<\/strong><\/h3>\n<p>Um die Kosten der Community Dreiradfreunde.de finanziell tragbar zu gestalten und um diese dauerhaft zu finanzieren, habe ich mich nach langem \u00dcberlegen dazu entschieden, eine sogenannte Nutzungsgeb\u00fchr einzuf\u00fchren und einige Teile der Community kostenpflichtig zu gestalten, hier handelt es sich aber nur um Zusatzfunktionen.<\/p>\n<p>Leider funktionierte das vorherige Finanzierungsmodell (Spenden, Werbung schalten) nicht so wie erhofft, so das die Community oft kurz vor dem Aus stand.<\/p>\n<p>Ich habe die Nutzungsgeb\u00fchr, welche j\u00e4hrlich zu entrichten ist, extra klein gehalten, damit sich jeder Dreiradfreund und Interessierte das auch leisten kann. Nat\u00fcrlich gibt es die M\u00f6glichkeit, die Community vorher 3 Monate lang kostenlos zu testen. Erst danach wird die Nutzungsgeb\u00fchr f\u00e4llig.<\/p>\n<p>Nun m\u00f6chte ich hier alle Kostenpunkte auff\u00fchren, die entstehen bzw. entstehen k\u00f6nnten:<\/p>\n<p><strong>Mitgliederzug\u00e4nge:<\/strong><\/p>\n<p><em>Standardmitgliedschaft:<\/em> KOSTENLOS<\/p>\n<p><em>H\u00e4ndlermitgliedschaft:<\/em> 10,00 Euro\/Jahr<\/p>\n<p><em>H\u00e4ndlermitgliedschaft Plus:<\/em> 25,00 Euro\/Jahr<\/p>\n<p><strong>Kleinanzeigenmarkt:<\/strong><\/p>\n<p>private Kleinanzeige: 0,00 Euro\/30 Tage<\/p>\n<p>gewerbliche Kleinanzeige 0,50 Euro\/30Tage<\/p>\n<p><em>Kleinanzeige f\u00fcr weitere 30 Tage verl\u00e4ngern:<\/em> 0,00 Euro<\/p>\n<p><em>Kleinanzeige als Premiumanzeige ver\u00f6ffentlichen:<\/em> 9,95 Euro\/30 Tage<\/p>\n<p><strong>H\u00e4ndlerverzeichnis:<\/strong><\/p>\n<p><em>Eintrag als Premiumeintrag ver\u00f6ffentlichen:<\/em> 19,95 Euro\/30 Tage<\/p>\n<p>Dies sind die Kosten, welche f\u00fcr Mitglieder unserer Community enstehen bzw. enstehen k\u00f6nnten (bei Zusatzfunktionen).<\/p>\n<p>Alle anderen Funktionen sind kostenfrei.<\/p>\n<p>Nat\u00fcrlich kann ich bei den Funktionen f\u00fcr H\u00e4ndler eine Rechnung mit ausgewiesener Mehrwertsteuer erstellen.<\/p>\n<p><span style=\"color: #ff0000;\"><strong>Wichtig f\u00fcr H\u00e4ndler:<\/strong><\/span> H\u00e4ndler, welche mehr als eine Kleinanzeige pro Monat ver\u00f6ffentlichen wollen, kann ich eine monatliche Abrechnung anbieten. Jeweils zum Ende eines jeden Monats kann ich eine Sammelrechnung erstellen und versenden mit ausgewiesener Mehrwertsteuer.<\/p>\n<p>H\u00e4ndler die Interesse daran haben, melden sich bitte vor Ver\u00f6ffentlichung der Kleinanzeige\/-n bei mir und wir besprechen dann die Konditionen und die Verfahrensweise der Abrechnung.<\/p>\n<p>Bei Fragen nutzt bzw. nutzen Sie unser <a href=\"https:\/\/dreiradfreunde.de\/drf-v3\/kontaktformular\/\"><span style=\"color: #3366ff;\">Kontaktformular<\/span><\/a> .<\/p>\n<p><em>Euer Webbi Rico<\/em><\/p>\n<p>&nbsp;<\/p>\n<p>Stand 10.03.2022 &#8211; \u00c4nderungen vorbehalten<\/p>\n","protected":false},"excerpt":{"rendered":"<p>Welche Kosten k\u00f6nnen auf Dreiradfreunde.de\u00a0 entstehen? Um die Kosten der Community Dreiradfreunde.de finanziell tragbar zu gestalten und um diese dauerhaft zu finanzieren, habe ich mich nach langem \u00dcberlegen dazu entschieden, eine sogenannte Nutzungsgeb\u00fchr einzuf\u00fchren und einige Teile der Community kostenpflichtig zu gestalten, hier handelt es sich aber nur um Zusatzfunktionen. Leider funktionierte das vorherige Finanzierungsmodell &hellip; <a href=\"https:\/\/dreiradfreunde.de\/drf-v3\/kosten\/\" class=\"more-link\">Weiterlesen<span class=\"screen-reader-text\"> &#8220;Kosten&#8221;<\/span><\/a><\/p>\n","protected":false},"author":1,"featured_media":0,"parent":0,"menu_order":0,"comment_status":"closed","ping_status":"closed","template":"","meta":{"_bbp_topic_count":0,"_bbp_reply_count":0,"_bbp_total_topic_count":0,"_bbp_total_reply_count":0,"_bbp_voice_count":0,"_bbp_anonymous_reply_count":0,"_bbp_topic_count_hidden":0,"_bbp_reply_count_hidden":0,"_bbp_forum_subforum_count":0,"pmpro_default_level":"","footnotes":""},"categories":[],"tags":[],"class_list":["post-2139","page","type-page","status-publish","hentry","pmpro-has-access"],"_links":{"self":[{"href":"https:\/\/dreiradfreunde.de\/drf-v3\/wp-json\/wp\/v2\/pages\/2139","targetHints":{"allow":["GET"]}}],"collection":[{"href":"https:\/\/dreiradfreunde.de\/drf-v3\/wp-json\/wp\/v2\/pages"}],"about":[{"href":"https:\/\/dreiradfreunde.de\/drf-v3\/wp-json\/wp\/v2\/types\/page"}],"author":[{"embeddable":true,"href":"https:\/\/dreiradfreunde.de\/drf-v3\/wp-json\/wp\/v2\/users\/1"}],"replies":[{"embeddable":true,"href":"https:\/\/dreiradfreunde.de\/drf-v3\/wp-json\/wp\/v2\/comments?post=2139"}],"version-history":[{"count":0,"href":"https:\/\/dreiradfreunde.de\/drf-v3\/wp-json\/wp\/v2\/pages\/2139\/revisions"}],"wp:attachment":[{"href":"https:\/\/dreiradfreunde.de\/drf-v3\/wp-json\/wp\/v2\/media?parent=2139"}],"wp:term":[{"taxonomy":"category","embeddable":true,"href":"https:\/\/dreiradfreunde.de\/drf-v3\/wp-json\/wp\/v2\/categories?post=2139"},{"taxonomy":"post_tag","embeddable":true,"href":"https:\/\/dreiradfreunde.de\/drf-v3\/wp-json\/wp\/v2\/tags?post=2139"}],"curies":[{"name":"wp","href":"https:\/\/api.w.org\/{rel}","templated":true}]}}