{"id":2129,"date":"2021-10-14T19:07:00","date_gmt":"2021-10-14T17:07:00","guid":{"rendered":"https:\/\/dreiradfreunde.de\/drf-v3\/?page_id=2129"},"modified":"2021-10-14T19:07:00","modified_gmt":"2021-10-14T17:07:00","slug":"haendlermitgliedschaften","status":"publish","type":"page","link":"https:\/\/dreiradfreunde.de\/drf-v3\/haendlermitgliedschaften\/","title":{"rendered":"H\u00e4ndlermitgliedschaften"},"content":{"rendered":"<h3 style=\"text-align: center;\"><span style=\"color: #0000ff;\">Unsere H\u00e4ndlermitgliedschaften<\/span><\/h3>\n<p>Wir bieten auf Dreiradfreunde.de derzeit 2 kostenpflichtige Mitgliedschaften f\u00fcr H\u00e4ndler an. Zum einen ist dies die Mitgliedschaft H\u00e4ndler und zum anderen die Mitgliedschaft H\u00e4ndler Plus.<\/p>\n<p>H\u00e4ndler haben aber, wie alle Neumitglieder, die M\u00f6glichkeit, unsere Community vorher 90 Tage kostenlos zu testen. Hierf\u00fcr verwenden Sie bitte unsere Testmitgliedschaft.<\/p>\n<p>Die Mitgliedschaft H\u00e4ndler bietet H\u00e4ndlern die gleichen Rechte wie unseren Standardmitgliedern. Der einzige Unterschied besteht darin, das H\u00e4ndler im Kleinanzeigenmarkt ihre Kleinanzeigen als gewerblich markieren m\u00fcssen.<\/p>\n<p>Die Mitgliedschaft H\u00e4ndler Plus bietet zus\u00e4tzlich zu den Rechten der Mitgliedschaft H\u00e4ndler die M\u00f6glichkeit, sich ins H\u00e4ndlerverzeichnis einzutragen. Hierf\u00fcr fallen zu den j\u00e4hrlichen Kosten der Mitgliedschaft in H\u00f6he von 25,00 Euro keine weiteren Kosten an. Es sei denn, man m\u00f6chte den Eintrag im H\u00e4ndlerverzeichnis als Empfohlen markieren und in der Liste immer weit bzw. ganz oben stehen. Daf\u00fcr w\u00fcrden dann extra Geb\u00fchren anfallen.<\/p>\n<p>In K\u00fcrze werden wir beim weiteren Ausbau der Community hier auch mehr M\u00f6glichkeiten f\u00fcr H\u00e4ndler schaffen und dann auch entsprechend die Mitgliedschaften f\u00fcr H\u00e4ndler anpassen.<\/p>\n<p>Bei Fragen und Anregungen scheuen Sie sich nicht, uns zu kontaktieren.<\/p>\n<p>Ihr Webmaster<\/p>\n<p><em>Rico Schulz<\/em><\/p>\n","protected":false},"excerpt":{"rendered":"<p>Unsere H\u00e4ndlermitgliedschaften Wir bieten auf Dreiradfreunde.de derzeit 2 kostenpflichtige Mitgliedschaften f\u00fcr H\u00e4ndler an. Zum einen ist dies die Mitgliedschaft H\u00e4ndler und zum anderen die Mitgliedschaft H\u00e4ndler Plus. H\u00e4ndler haben aber, wie alle Neumitglieder, die M\u00f6glichkeit, unsere Community vorher 90 Tage kostenlos zu testen. Hierf\u00fcr verwenden Sie bitte unsere Testmitgliedschaft. Die Mitgliedschaft H\u00e4ndler bietet H\u00e4ndlern die &hellip; <a href=\"https:\/\/dreiradfreunde.de\/drf-v3\/haendlermitgliedschaften\/\" class=\"more-link\">Weiterlesen<span class=\"screen-reader-text\"> &#8220;H\u00e4ndlermitgliedschaften&#8221;<\/span><\/a><\/p>\n","protected":false},"author":1,"featured_media":0,"parent":0,"menu_order":0,"comment_status":"closed","ping_status":"closed","template":"","meta":{"_bbp_topic_count":0,"_bbp_reply_count":0,"_bbp_total_topic_count":0,"_bbp_total_reply_count":0,"_bbp_voice_count":0,"_bbp_anonymous_reply_count":0,"_bbp_topic_count_hidden":0,"_bbp_reply_count_hidden":0,"_bbp_forum_subforum_count":0,"pmpro_default_level":"","footnotes":""},"categories":[],"tags":[],"class_list":["post-2129","page","type-page","status-publish","hentry","pmpro-has-access"],"_links":{"self":[{"href":"https:\/\/dreiradfreunde.de\/drf-v3\/wp-json\/wp\/v2\/pages\/2129","targetHints":{"allow":["GET"]}}],"collection":[{"href":"https:\/\/dreiradfreunde.de\/drf-v3\/wp-json\/wp\/v2\/pages"}],"about":[{"href":"https:\/\/dreiradfreunde.de\/drf-v3\/wp-json\/wp\/v2\/types\/page"}],"author":[{"embeddable":true,"href":"https:\/\/dreiradfreunde.de\/drf-v3\/wp-json\/wp\/v2\/users\/1"}],"replies":[{"embeddable":true,"href":"https:\/\/dreiradfreunde.de\/drf-v3\/wp-json\/wp\/v2\/comments?post=2129"}],"version-history":[{"count":0,"href":"https:\/\/dreiradfreunde.de\/drf-v3\/wp-json\/wp\/v2\/pages\/2129\/revisions"}],"wp:attachment":[{"href":"https:\/\/dreiradfreunde.de\/drf-v3\/wp-json\/wp\/v2\/media?parent=2129"}],"wp:term":[{"taxonomy":"category","embeddable":true,"href":"https:\/\/dreiradfreunde.de\/drf-v3\/wp-json\/wp\/v2\/categories?post=2129"},{"taxonomy":"post_tag","embeddable":true,"href":"https:\/\/dreiradfreunde.de\/drf-v3\/wp-json\/wp\/v2\/tags?post=2129"}],"curies":[{"name":"wp","href":"https:\/\/api.w.org\/{rel}","templated":true}]}}