{"id":2128,"date":"2021-10-14T19:06:30","date_gmt":"2021-10-14T17:06:30","guid":{"rendered":"https:\/\/dreiradfreunde.de\/drf-v3\/?page_id=2128"},"modified":"2021-10-14T19:06:30","modified_gmt":"2021-10-14T17:06:30","slug":"haendlerverzeichnis","status":"publish","type":"page","link":"https:\/\/dreiradfreunde.de\/drf-v3\/haendlerverzeichnis\/","title":{"rendered":"H\u00e4ndlerverzeichnis"},"content":{"rendered":"<h3 style=\"text-align: center;\"><span style=\"color: #0000ff;\">Unser H\u00e4ndlerverzeichnis<\/span><\/h3>\n<p>Wir bieten H\u00e4ndlern an, sich in unser H\u00e4ndlerverzeichnis einzutragen, damit Mitglieder und G\u00e4ste schauen k\u00f6nnen, wo es in ihrer N\u00e4he kompetente H\u00e4ndler f\u00fcr Piaggio Ape sowie Ersatz- und Zubeh\u00f6rteile gibt.<\/p>\n<p>F\u00fcr den Eintrag in unser H\u00e4ndlerverzeichnis muss man die Mitgliedschaft H\u00e4ndler Plus bei uns abgeschlossen haben. Diese kostet 25,00 Euro pro Jahr. Der Eintrag ist dann kostenfrei.<\/p>\n<p>Wenn Sie sich gern ins H\u00e4ndlerverzeichnis eintragen m\u00f6chten, ohne bei uns Mitglied zu sein, so ist dies auch m\u00f6glich. Daf\u00fcr m\u00fcssen Sie sich mit uns in Verbindung setzen. Wir erkl\u00e4ren Ihnen dann alles und Sie k\u00f6nnen dann entscheiden.<\/p>\n<p>Die Kosten f\u00fcr einen Eintrag im H\u00e4ndlerverzeichnis sind bei der H\u00e4ndler Plus Mitgliedschaft mit inbegriffen. Extrakosten entstehen nur, wenn der Eintrag als empfohlen markiert werden soll. Dies kostet dann noch einmal 19,95 Euro f\u00fcr 30 Tage.<\/p>\n<p>Ein Eintrag f\u00fcr Nichtmitglieder kostet pro Jahr 39,95 Euro plus einer einmaligen Einstellgeb\u00fchr in H\u00f6he von 14,95 Euro plus 19% MwSt. . Weitere Kosten entstehen nur, wenn Sie Ihren Eintrag als empfohlen markieren m\u00f6chten. Auch hier enstehen Kosten f\u00fcr 19,95 Euro\/30 Tage.<\/p>\n<p>Nat\u00fcrlich erhalten Sie eine Rechnung mit ausgewiesener Mehrwertsteuer.<\/p>\n<p>Die hierdurch erzielten Einnahmen dienen dazu, die Kosten und den Ausbau der Community zu finanzieren.<\/p>\n<p>In K\u00fcrze werden wir das H\u00e4ndlerverzeichnis weiter ausbauen, so das Sie Ihren potentiellen Kunden mehr Informationen \u00fcber den Eintrag in unser H\u00e4ndlerverzeichnis anbieten k\u00f6nnen.<\/p>\n<p>Ihr Webmaster<\/p>\n<p><em>Rico Schulz<\/em><\/p>\n","protected":false},"excerpt":{"rendered":"<p>Unser H\u00e4ndlerverzeichnis Wir bieten H\u00e4ndlern an, sich in unser H\u00e4ndlerverzeichnis einzutragen, damit Mitglieder und G\u00e4ste schauen k\u00f6nnen, wo es in ihrer N\u00e4he kompetente H\u00e4ndler f\u00fcr Piaggio Ape sowie Ersatz- und Zubeh\u00f6rteile gibt. F\u00fcr den Eintrag in unser H\u00e4ndlerverzeichnis muss man die Mitgliedschaft H\u00e4ndler Plus bei uns abgeschlossen haben. Diese kostet 25,00 Euro pro Jahr. Der &hellip; <a href=\"https:\/\/dreiradfreunde.de\/drf-v3\/haendlerverzeichnis\/\" class=\"more-link\">Weiterlesen<span class=\"screen-reader-text\"> &#8220;H\u00e4ndlerverzeichnis&#8221;<\/span><\/a><\/p>\n","protected":false},"author":1,"featured_media":0,"parent":0,"menu_order":0,"comment_status":"closed","ping_status":"closed","template":"","meta":{"_bbp_topic_count":0,"_bbp_reply_count":0,"_bbp_total_topic_count":0,"_bbp_total_reply_count":0,"_bbp_voice_count":0,"_bbp_anonymous_reply_count":0,"_bbp_topic_count_hidden":0,"_bbp_reply_count_hidden":0,"_bbp_forum_subforum_count":0,"pmpro_default_level":"","footnotes":""},"categories":[],"tags":[],"class_list":["post-2128","page","type-page","status-publish","hentry","pmpro-has-access"],"_links":{"self":[{"href":"https:\/\/dreiradfreunde.de\/drf-v3\/wp-json\/wp\/v2\/pages\/2128","targetHints":{"allow":["GET"]}}],"collection":[{"href":"https:\/\/dreiradfreunde.de\/drf-v3\/wp-json\/wp\/v2\/pages"}],"about":[{"href":"https:\/\/dreiradfreunde.de\/drf-v3\/wp-json\/wp\/v2\/types\/page"}],"author":[{"embeddable":true,"href":"https:\/\/dreiradfreunde.de\/drf-v3\/wp-json\/wp\/v2\/users\/1"}],"replies":[{"embeddable":true,"href":"https:\/\/dreiradfreunde.de\/drf-v3\/wp-json\/wp\/v2\/comments?post=2128"}],"version-history":[{"count":0,"href":"https:\/\/dreiradfreunde.de\/drf-v3\/wp-json\/wp\/v2\/pages\/2128\/revisions"}],"wp:attachment":[{"href":"https:\/\/dreiradfreunde.de\/drf-v3\/wp-json\/wp\/v2\/media?parent=2128"}],"wp:term":[{"taxonomy":"category","embeddable":true,"href":"https:\/\/dreiradfreunde.de\/drf-v3\/wp-json\/wp\/v2\/categories?post=2128"},{"taxonomy":"post_tag","embeddable":true,"href":"https:\/\/dreiradfreunde.de\/drf-v3\/wp-json\/wp\/v2\/tags?post=2128"}],"curies":[{"name":"wp","href":"https:\/\/api.w.org\/{rel}","templated":true}]}}