{"id":16037,"date":"2022-03-10T23:00:46","date_gmt":"2022-03-10T22:00:46","guid":{"rendered":"https:\/\/dreiradfreunde.de\/drf-v3\/?page_id=16037"},"modified":"2022-03-10T23:00:46","modified_gmt":"2022-03-10T22:00:46","slug":"aenderungen-auf-dreiradfreunde-de","status":"publish","type":"page","link":"https:\/\/dreiradfreunde.de\/drf-v3\/aenderungen-auf-dreiradfreunde-de\/","title":{"rendered":"\u00c4nderungen auf Dreiradfreunde.de"},"content":{"rendered":"<p>Liebe Mitglieder, Dreiradfreunde und Interessierte,<\/p>\n<p>mit dem heutige Tag, dem 10.03.2022, habe ich mich entschieden, <span style=\"color: #ff0000;\"><em><strong>die Standardmitgliedschaften kostenlos zu machen<\/strong><\/em><\/span>. Nur die Mitgliedschaften H\u00e4ndler und H\u00e4ndler PLUS bleiben kostenpflichtig, aber g\u00fcnstig.<\/p>\n<p>Damit einher gehend werde ich im Gegenzug Werbung schalten auf Dreiradfreunde.de, welche ich aber dezent halte, damit diese nicht so ins Gewicht f\u00e4llt und die Community gestalterisch nicht verschandelt.<\/p>\n<p>Ich werde aber noch eine M\u00f6glichkeit einbauen, wo ich Standardmitgliedern erm\u00f6gliche, Dreiradfreunde.de eine kleine Spende zukommen zu lassen.<\/p>\n<p>Solch eine Community kostet nun einmal Geld f\u00fcr den Betreiber, seien es die Serverkosten, die Domain oder den Kauf von Modulen oder Komponenten. Die Zeit ist da noch nicht einmal mit eingerechnet.<\/p>\n<p>Dreiradfreunde.de ist und bleibt nun mal mein Baby und ist mein Hobby, von daher wird es die Community definitiv weiter geben. Ihr m\u00fcsst also keine Angst haben, das ich diese irgendwann einmal einstelle.<\/p>\n<p>Was ich nur nicht verstehe, das man f\u00fcr sein geliebtes Dreirad oder seine Ape jedes Jahr eine Menge Geld ausgibt, aber keine 5 Euro im Jahr f\u00fcr eine gute und informative Community ausgeben m\u00f6chte. Aber ich m\u00f6chte niemanden *zwingen*, Geld auszugeben f\u00fcr eine Community. Von daher setze ich hier auf freiwillige Spenden und etwas Einnahmen durch Schaltung von Werbung.<\/p>\n<p>Die Community wird auch immer regelm\u00e4\u00dfig gewartet und geupdatet und bei Bedarf auch angepasst.<\/p>\n<p>Bei Fragen scheut Euch nicht, mir diese zu stellen. Ich nehme aber auch gern gerechtfertigte Kritik und Anregungen entgegen, damit ich die Community weiter verbessern kann. Denn eine Community lebt nun mal mit und von den Mitgliedern.<\/p>\n<p><em>Euer Webbi Rico<\/em><\/p>\n","protected":false},"excerpt":{"rendered":"<p>Liebe Mitglieder, Dreiradfreunde und Interessierte, mit dem heutige Tag, dem 10.03.2022, habe ich mich entschieden, die Standardmitgliedschaften kostenlos zu machen. Nur die Mitgliedschaften H\u00e4ndler und H\u00e4ndler PLUS bleiben kostenpflichtig, aber g\u00fcnstig. Damit einher gehend werde ich im Gegenzug Werbung schalten auf Dreiradfreunde.de, welche ich aber dezent halte, damit diese nicht so ins Gewicht f\u00e4llt und &hellip; <a href=\"https:\/\/dreiradfreunde.de\/drf-v3\/aenderungen-auf-dreiradfreunde-de\/\" class=\"more-link\">Weiterlesen<span class=\"screen-reader-text\"> &#8220;\u00c4nderungen auf Dreiradfreunde.de&#8221;<\/span><\/a><\/p>\n","protected":false},"author":1,"featured_media":16038,"parent":0,"menu_order":0,"comment_status":"closed","ping_status":"closed","template":"","meta":{"_bbp_topic_count":0,"_bbp_reply_count":0,"_bbp_total_topic_count":0,"_bbp_total_reply_count":0,"_bbp_voice_count":0,"_bbp_anonymous_reply_count":0,"_bbp_topic_count_hidden":0,"_bbp_reply_count_hidden":0,"_bbp_forum_subforum_count":0,"pmpro_default_level":"","footnotes":""},"categories":[1],"tags":[],"class_list":["post-16037","page","type-page","status-publish","has-post-thumbnail","hentry","category-unser-dreiradfreunde-blog","pmpro-has-access"],"_links":{"self":[{"href":"https:\/\/dreiradfreunde.de\/drf-v3\/wp-json\/wp\/v2\/pages\/16037","targetHints":{"allow":["GET"]}}],"collection":[{"href":"https:\/\/dreiradfreunde.de\/drf-v3\/wp-json\/wp\/v2\/pages"}],"about":[{"href":"https:\/\/dreiradfreunde.de\/drf-v3\/wp-json\/wp\/v2\/types\/page"}],"author":[{"embeddable":true,"href":"https:\/\/dreiradfreunde.de\/drf-v3\/wp-json\/wp\/v2\/users\/1"}],"replies":[{"embeddable":true,"href":"https:\/\/dreiradfreunde.de\/drf-v3\/wp-json\/wp\/v2\/comments?post=16037"}],"version-history":[{"count":0,"href":"https:\/\/dreiradfreunde.de\/drf-v3\/wp-json\/wp\/v2\/pages\/16037\/revisions"}],"wp:featuredmedia":[{"embeddable":true,"href":"https:\/\/dreiradfreunde.de\/drf-v3\/wp-json\/wp\/v2\/media\/16038"}],"wp:attachment":[{"href":"https:\/\/dreiradfreunde.de\/drf-v3\/wp-json\/wp\/v2\/media?parent=16037"}],"wp:term":[{"taxonomy":"category","embeddable":true,"href":"https:\/\/dreiradfreunde.de\/drf-v3\/wp-json\/wp\/v2\/categories?post=16037"},{"taxonomy":"post_tag","embeddable":true,"href":"https:\/\/dreiradfreunde.de\/drf-v3\/wp-json\/wp\/v2\/tags?post=16037"}],"curies":[{"name":"wp","href":"https:\/\/api.w.org\/{rel}","templated":true}]}}