{"id":15950,"date":"2021-10-27T18:49:03","date_gmt":"2021-10-27T16:49:03","guid":{"rendered":"https:\/\/dreiradfreunde.de\/drf-v3\/?page_id=15950"},"modified":"2021-10-27T18:49:58","modified_gmt":"2021-10-27T16:49:58","slug":"alles-auf-anfang-alles-neu","status":"publish","type":"page","link":"https:\/\/dreiradfreunde.de\/drf-v3\/alles-auf-anfang-alles-neu\/","title":{"rendered":"Alles auf Anfang, alles neu"},"content":{"rendered":"<p>Liebe Dreiradfreunde und Interessierte,<\/p>\n<p>nun habe ich es endlich geschafft, eine komplett neue Community Dreiradfreunde.de fertig zu stellen.<\/p>\n<p>Die Community ist komplett neu und dementsprechend auch leer. Dies hat einige gewichtige Gr\u00fcnde, die mich dazu veranlasst haben.<\/p>\n<p><strong>Grund 1:<\/strong> Durch das Migrieren des Foreninhaltes in das neue System wurden einige Beitr\u00e4ge nicht komplett \u00fcbernommen, so das diese zum Teil nicht lesbar waren. Auch wurden entsprechende Bilder in den Beitr\u00e4gen nicht mit \u00fcbernommen. Eine ordentliche Migration h\u00e4tte man mit viel Geld machen k\u00f6nnen, aber leider fehlt mir dieses und h\u00e4tte den Aufwand auch nicht gerechtfertigt.<\/p>\n<p><strong>Grund 2:<\/strong> Dieser Grund ist der eigentlich haupts\u00e4chliche. Da immer wieder mal Mitglieder aus der Community ausgetreten sind, musste ich deren Daten auch l\u00f6schen. Und da ich gesetzlich verpflichtet bin aus datenschutzrechtlichen und anderen rechtlichen Gr\u00fcnden alle Daten zu l\u00f6schen, wurden auch entsprechende Themen und Beitr\u00e4ge der Mitglieder gel\u00f6scht. Dies hat schon Themen *zerfleddert* und teilweise aus den Zusammenhang gerissen. Zu dem hatte ich nach dem letzten Umbau die vorhandenen Mitglieder gebeten, sich neu anzumelden (Nicht registrieren)\u00a0 Dem ist ein Gro\u00dfteil nicht nachgekommen. Auch hatte ich mehrere Stichtage gesetzt, sich da anzumelden und wenn dies nicht geschehen w\u00fcrde, ich entsprechende Profile l\u00f6schen w\u00fcrde, um Ordnung reinzubekommen. da viele Mitglieder nicht darauf reagiert haben, gehe ich davon aus, das kein Interesse mehr bestand, Mitglieder der Community zu bleiben. Eine entsprechende L\u00f6schung der Anzahl an Profilen w\u00fcrde auch bedeuten, das das Forum entsprechend *zerrissen* werden w\u00fcrde und somit viele Themen und Beitr\u00e4ge somit wertlos geworden w\u00e4ren. Und um mich rechtlich abzusichern und datenschutzrechtlichen Problemen aus dem Weg zu gehen, habe ich mich deshalb entschlossen, noch einmal komplett von vorn anzufangen.<\/p>\n<p><strong>Grund 3:<\/strong> Dieser ist ein technischer Grund. Mit dem Neubau habe ich diesmal nur Komponenten verwendet, die aufeinander abgestimmt worden sind und sauber zusammenspielen. Ich habe es vermieden, Komponenten zu verwenden, welche nur mit Zusatzplugins mit der Community zusammenarbeiten w\u00fcrden. Dies ist auch ein wichtiger Sicherheitsaspekt, Nun ist quasi alles aus einem Guss. Damit l\u00e4uft die Community stabiler, schneller und sicherer und ist weniger fehleranf\u00e4llig. Zudem kann ich die Community nun besser verwalten und auf den modernsten Stand halten.<\/p>\n<p>Alles in allem haben mich diese 3 Gr\u00fcnde dazu bewogen, noch einmal mit einer komplett neuen und *jungfr\u00e4ulichen Community anzufangen, auch wenn es um den Inhalt der alten Community schade ist. Ich habe mit Wehmut auf die alten Community Zeiten zur\u00fcck geblickt und bei der Sichtung der alten Daten kamen auch sentimentale Gef\u00fchle hoch. Aber was soll es. Also alles auf Anfang &#8230;.<\/p>\n<p><em>Euer Webbi Rico<\/em><\/p>\n","protected":false},"excerpt":{"rendered":"<p>Liebe Dreiradfreunde und Interessierte, nun habe ich es endlich geschafft, eine komplett neue Community Dreiradfreunde.de fertig zu stellen. Die Community ist komplett neu und dementsprechend auch leer. Dies hat einige gewichtige Gr\u00fcnde, die mich dazu veranlasst haben. Grund 1: Durch das Migrieren des Foreninhaltes in das neue System wurden einige Beitr\u00e4ge nicht komplett \u00fcbernommen, so &hellip; <a href=\"https:\/\/dreiradfreunde.de\/drf-v3\/alles-auf-anfang-alles-neu\/\" class=\"more-link\">Weiterlesen<span class=\"screen-reader-text\"> &#8220;Alles auf Anfang, alles neu&#8221;<\/span><\/a><\/p>\n","protected":false},"author":1,"featured_media":15785,"parent":0,"menu_order":0,"comment_status":"closed","ping_status":"closed","template":"","meta":{"_bbp_topic_count":0,"_bbp_reply_count":0,"_bbp_total_topic_count":0,"_bbp_total_reply_count":0,"_bbp_voice_count":0,"_bbp_anonymous_reply_count":0,"_bbp_topic_count_hidden":0,"_bbp_reply_count_hidden":0,"_bbp_forum_subforum_count":0,"pmpro_default_level":"","footnotes":""},"categories":[1],"tags":[],"class_list":["post-15950","page","type-page","status-publish","has-post-thumbnail","hentry","category-unser-dreiradfreunde-blog","pmpro-has-access"],"_links":{"self":[{"href":"https:\/\/dreiradfreunde.de\/drf-v3\/wp-json\/wp\/v2\/pages\/15950","targetHints":{"allow":["GET"]}}],"collection":[{"href":"https:\/\/dreiradfreunde.de\/drf-v3\/wp-json\/wp\/v2\/pages"}],"about":[{"href":"https:\/\/dreiradfreunde.de\/drf-v3\/wp-json\/wp\/v2\/types\/page"}],"author":[{"embeddable":true,"href":"https:\/\/dreiradfreunde.de\/drf-v3\/wp-json\/wp\/v2\/users\/1"}],"replies":[{"embeddable":true,"href":"https:\/\/dreiradfreunde.de\/drf-v3\/wp-json\/wp\/v2\/comments?post=15950"}],"version-history":[{"count":0,"href":"https:\/\/dreiradfreunde.de\/drf-v3\/wp-json\/wp\/v2\/pages\/15950\/revisions"}],"wp:featuredmedia":[{"embeddable":true,"href":"https:\/\/dreiradfreunde.de\/drf-v3\/wp-json\/wp\/v2\/media\/15785"}],"wp:attachment":[{"href":"https:\/\/dreiradfreunde.de\/drf-v3\/wp-json\/wp\/v2\/media?parent=15950"}],"wp:term":[{"taxonomy":"category","embeddable":true,"href":"https:\/\/dreiradfreunde.de\/drf-v3\/wp-json\/wp\/v2\/categories?post=15950"},{"taxonomy":"post_tag","embeddable":true,"href":"https:\/\/dreiradfreunde.de\/drf-v3\/wp-json\/wp\/v2\/tags?post=15950"}],"curies":[{"name":"wp","href":"https:\/\/api.w.org\/{rel}","templated":true}]}}