{"id":15942,"date":"2021-10-27T19:08:16","date_gmt":"2021-10-27T17:08:16","guid":{"rendered":"https:\/\/dreiradfreunde.de\/drf-v3\/?page_id=15942"},"modified":"2022-11-03T12:10:49","modified_gmt":"2022-11-03T11:10:49","slug":"changelogs","status":"publish","type":"page","link":"https:\/\/dreiradfreunde.de\/drf-v3\/changelogs\/","title":{"rendered":"Changelogs"},"content":{"rendered":"<p>Hier siehst Du unseren Changelog, also was auf Dreiradfreunde.de ab Ver\u00f6ffentlichung am 26.10.2021 gemacht wurde.<\/p>\n<p><em>Hinweis:<\/em> Plugin- und Komponentenupdates geben wir hier nicht bekannt, da dies die Liste unendlich verl\u00e4ngern w\u00fcrde. Solche Updates spielen wir ein, insofern diese ver\u00f6ffentlicht wurden.<\/p>\n<p><strong>03.11,2022<\/strong><\/p>\n<ul>\n<li>\u00c4nderung des Designs von Pro auf Normal<\/li>\n<\/ul>\n<p><strong>09. &#8211; 10.03.2022<\/strong><\/p>\n<ul>\n<li>Umstellung der Standardmitgliedschaft auf KOSTENLOS<\/li>\n<li>Einbau eines anderen Mitgliedschafts-\/Paymentsystems<\/li>\n<li>Einbau einer Spendenm\u00f6glichkeit (noch nicht ver\u00f6ffentlicht)<\/li>\n<\/ul>\n<p><strong>19.11.2021<\/strong><\/p>\n<ul>\n<li>Theme auf die aktuellste Version geupdatet<\/li>\n<li>Forumkomponente auf die aktuellste Version geupdatet<\/li>\n<\/ul>\n<p><strong>10.11.2021<\/strong><\/p>\n<ul>\n<li>Einspielung eines Updates, welches ein Sicherheits- und 2 andere Probleme behoben hat<\/li>\n<\/ul>\n<p><strong>27.10.2021<\/strong><\/p>\n<ul>\n<li>QR-Code auf Startseite berichtigt. Er verweist nun auf die mobile Version f\u00fcr Handys etc. .<\/li>\n<li>Profile und Profilseiten abgesichert, k\u00f6nnen nun auch \u00fcber Umwege nicht mehr gesehen werden.<\/li>\n<li>offizieller Blog, welcher auch f\u00fcr Nichtmitglieder sichtbar ist wurde umstrukturiert<\/li>\n<li>Neue Seite Changelogs erstellt und ver\u00f6ffentlicht, damit Mitglieder Ma\u00dfnahmen an der Community nachverfolgen k\u00f6nnen.<\/li>\n<li>3 Banner zum Einbinden auf Partnerseiten erstellt und entsprechende Seite dazu<\/li>\n<\/ul>\n","protected":false},"excerpt":{"rendered":"<p>Hier siehst Du unseren Changelog, also was auf Dreiradfreunde.de ab Ver\u00f6ffentlichung am 26.10.2021 gemacht wurde. Hinweis: Plugin- und Komponentenupdates geben wir hier nicht bekannt, da dies die Liste unendlich verl\u00e4ngern w\u00fcrde. Solche Updates spielen wir ein, insofern diese ver\u00f6ffentlicht wurden. 03.11,2022 \u00c4nderung des Designs von Pro auf Normal 09. &#8211; 10.03.2022 Umstellung der Standardmitgliedschaft auf &hellip; <a href=\"https:\/\/dreiradfreunde.de\/drf-v3\/changelogs\/\" class=\"more-link\">Weiterlesen<span class=\"screen-reader-text\"> &#8220;Changelogs&#8221;<\/span><\/a><\/p>\n","protected":false},"author":1,"featured_media":0,"parent":0,"menu_order":0,"comment_status":"closed","ping_status":"closed","template":"","meta":{"_bbp_topic_count":0,"_bbp_reply_count":0,"_bbp_total_topic_count":0,"_bbp_total_reply_count":0,"_bbp_voice_count":0,"_bbp_anonymous_reply_count":0,"_bbp_topic_count_hidden":0,"_bbp_reply_count_hidden":0,"_bbp_forum_subforum_count":0,"pmpro_default_level":"","footnotes":""},"categories":[],"tags":[],"class_list":["post-15942","page","type-page","status-publish","hentry","pmpro-has-access"],"_links":{"self":[{"href":"https:\/\/dreiradfreunde.de\/drf-v3\/wp-json\/wp\/v2\/pages\/15942","targetHints":{"allow":["GET"]}}],"collection":[{"href":"https:\/\/dreiradfreunde.de\/drf-v3\/wp-json\/wp\/v2\/pages"}],"about":[{"href":"https:\/\/dreiradfreunde.de\/drf-v3\/wp-json\/wp\/v2\/types\/page"}],"author":[{"embeddable":true,"href":"https:\/\/dreiradfreunde.de\/drf-v3\/wp-json\/wp\/v2\/users\/1"}],"replies":[{"embeddable":true,"href":"https:\/\/dreiradfreunde.de\/drf-v3\/wp-json\/wp\/v2\/comments?post=15942"}],"version-history":[{"count":0,"href":"https:\/\/dreiradfreunde.de\/drf-v3\/wp-json\/wp\/v2\/pages\/15942\/revisions"}],"wp:attachment":[{"href":"https:\/\/dreiradfreunde.de\/drf-v3\/wp-json\/wp\/v2\/media?parent=15942"}],"wp:term":[{"taxonomy":"category","embeddable":true,"href":"https:\/\/dreiradfreunde.de\/drf-v3\/wp-json\/wp\/v2\/categories?post=15942"},{"taxonomy":"post_tag","embeddable":true,"href":"https:\/\/dreiradfreunde.de\/drf-v3\/wp-json\/wp\/v2\/tags?post=15942"}],"curies":[{"name":"wp","href":"https:\/\/api.w.org\/{rel}","templated":true}]}}